{"id":32161,"date":"2023-06-02T13:12:54","date_gmt":"2023-06-02T11:12:54","guid":{"rendered":"https:\/\/perfectionist.ch\/product\/ultimus-snow-foam\/"},"modified":"2024-03-19T10:49:36","modified_gmt":"2024-03-19T09:49:36","slug":"ultimus-snow-foam","status":"publish","type":"product","link":"https:\/\/perfectionist.ch\/fr\/produit\/ultimus-snow-foam\/","title":{"rendered":"Ultimus Snow Foam"},"content":{"rendered":"<p><strong><a href=\"https:\/\/perfectionist.ch\/wp-content\/uploads\/2023\/06\/12.-Ultimus-Carbon-Collective-09.11.22-R2.pdf\" target=\"_blank\" rel=\"noopener\">T\u00e9l\u00e9chargez la fiche de donn\u00e9es de s\u00e9curit\u00e9<\/a><\/strong><\/p>\n","protected":false},"excerpt":{"rendered":"<div class=\"elementor-column elementor-col-50 elementor-top-column elementor-element elementor-element-798f78d\" data-id=\"798f78d\" data-element_type=\"column\">\n<div class=\"elementor-widget-wrap elementor-element-populated\">\n<div class=\"elementor-element elementor-element-59c8335 elementor-widget elementor-widget-text-editor\" data-id=\"59c8335\" data-element_type=\"widget\" data-widget_type=\"text-editor.default\">\n<div class=\"elementor-widget-container\">\n<p><strong>Ultimus Snow Foam<\/strong> est une formule super concentr\u00e9e au pH neutre, con\u00e7ue pour cr\u00e9er une quantit\u00e9 et densit\u00e9 de mousse \u00e9lev\u00e9es tout en offrant de superbes propri\u00e9t\u00e9s d\u2019adh\u00e9rence et un pouvoir nettoyant. C\u2019est la mousse par excellence.<\/p>\n<p>Il faut faire mousser le v\u00e9hicule et le laisser reposer avant de laver \u00e0 la main. La mousse est formul\u00e9e pour \u00e9liminer les contaminants et soulever la salet\u00e9 sur la surface afin de cr\u00e9er le lavage le plus s\u00fbr possible.<\/p>\n<p>Associ\u00e9e \u00e0 Foam Canon, la formule super concentr\u00e9e g\u00e9n\u00e8re une densit\u00e9 et une adh\u00e9rence maximales pour la mousse, ne n\u00e9cessitant que 50 ml de mousse par flacon de lance de 1 litre.<\/p>\n<p>Gr\u00e2ce \u00e0 leur pH neutre, les tensioactifs doux \u00e9liminent sans effort le film de circulation et la salet\u00e9 incrust\u00e9e sans endommager les protections synth\u00e9tiques, les cires ou les rev\u00eatements.<\/p>\n<ul>\n<li>50ml par 1 litre pour une mousse moyenne<\/li>\n<li>100ml par 1 litre pour une mousse \u00e9paisse et dense<\/li>\n<li>pH neutre<\/li>\n<li>Densit\u00e9 maximale de la mousse<\/li>\n<li>Temps actif prolong\u00e9<\/li>\n<li>Puissance de nettoyage superbe<\/li>\n<li>Sans danger pour les protections synth\u00e9tiques et cires<\/li>\n<\/ul>\n<p><strong><u>Disponible en:<\/u><\/strong><\/p>\n<ul>\n<li><strong>1 Litre \u2013 30.00 CHF<\/strong><\/li>\n<li><strong>5 Litres \u2013 125.00 CHF<\/strong><\/li>\n<\/ul>\n<\/div>\n<\/div>\n<\/div>\n<\/div>\n","protected":false},"featured_media":30817,"comment_status":"open","ping_status":"closed","template":"","meta":{"site-sidebar-layout":"default","site-content-layout":"default","ast-global-header-display":"","ast-banner-title-visibility":"","ast-main-header-display":"","ast-hfb-above-header-display":"","ast-hfb-below-header-display":"","ast-hfb-mobile-header-display":"","site-post-title":"","ast-breadcrumbs-content":"","ast-featured-img":"","footer-sml-layout":"","theme-transparent-header-meta":"default","adv-header-id-meta":"","stick-header-meta":"default","header-above-stick-meta":"","header-main-stick-meta":"","header-below-stick-meta":""},"product_cat":[85,88],"product_tag":[87],"class_list":["post-32161","product","type-product","status-publish","has-post-thumbnail","hentry","product_cat-carbon-collective-fr","product_cat-shampooing","product_tag-carbon-collective-fr","desktop-align-left","tablet-align-center","mobile-align-left","ast-product-gallery-layout-horizontal-slider","ast-product-tabs-layout-horizontal"],"_links":{"self":[{"href":"https:\/\/perfectionist.ch\/fr\/wp-json\/wp\/v2\/product\/32161","targetHints":{"allow":["GET"]}}],"collection":[{"href":"https:\/\/perfectionist.ch\/fr\/wp-json\/wp\/v2\/product"}],"about":[{"href":"https:\/\/perfectionist.ch\/fr\/wp-json\/wp\/v2\/types\/product"}],"replies":[{"embeddable":true,"href":"https:\/\/perfectionist.ch\/fr\/wp-json\/wp\/v2\/comments?post=32161"}],"wp:featuredmedia":[{"embeddable":true,"href":"https:\/\/perfectionist.ch\/fr\/wp-json\/wp\/v2\/media\/30817"}],"wp:attachment":[{"href":"https:\/\/perfectionist.ch\/fr\/wp-json\/wp\/v2\/media?parent=32161"}],"wp:term":[{"taxonomy":"product_cat","embeddable":true,"href":"https:\/\/perfectionist.ch\/fr\/wp-json\/wp\/v2\/product_cat?post=32161"},{"taxonomy":"product_tag","embeddable":true,"href":"https:\/\/perfectionist.ch\/fr\/wp-json\/wp\/v2\/product_tag?post=32161"}],"curies":[{"name":"wp","href":"https:\/\/api.w.org\/{rel}","templated":true}]}}