{"id":32150,"date":"2023-06-02T13:14:42","date_gmt":"2023-06-02T11:14:42","guid":{"rendered":"https:\/\/perfectionist.ch\/product\/nuovo-sio2-interior-detailer\/"},"modified":"2023-06-02T13:14:42","modified_gmt":"2023-06-02T11:14:42","slug":"nuovo-sio2-interior-detailer","status":"publish","type":"product","link":"https:\/\/perfectionist.ch\/fr\/produit\/nuovo-sio2-interior-detailer\/","title":{"rendered":"Nuovo SiO2 Interior Detailer"},"content":{"rendered":"<div class=\"elementor-column elementor-col-50 elementor-top-column elementor-element elementor-element-04ade2f\" data-id=\"04ade2f\" data-element_type=\"column\">\n<div class=\"elementor-widget-wrap elementor-element-populated\">\n<div class=\"elementor-element elementor-element-115fde3 elementor-widget elementor-widget-text-editor\" data-id=\"115fde3\" data-element_type=\"widget\" data-widget_type=\"text-editor.default\">\n<div class=\"elementor-widget-container\">\n<p><strong>Con\u00e7u pour prot\u00e9ger les finitions suivantes:<\/strong><\/p>\n<ul>\n<li>Toutes les finitions en plastique textur\u00e9<\/li>\n<li>Finitions caoutchout\u00e9es<\/li>\n<li>Finitions mates et brillantes<\/li>\n<li>Garnitures int\u00e9rieures<\/li>\n<li>Vinyle et cuir<\/li>\n<li>Plastiques pour compartiment moteur<\/li>\n<\/ul>\n<p><strong>Mode d\u2019emploi:<\/strong><\/p>\n<ul>\n<li>Appliquez 3-4 pulv\u00e9risations sur une serviette int\u00e9rieure d\u00e9di\u00e9e.<\/li>\n<li>\u00c0 l\u2019aide du chiffon, essuyez la surface par petites sections.<\/li>\n<li>R\u00e9p\u00e9tez ce processus jusqu\u2019\u00e0 ce que vous obteniez l\u2019effet d\u00e9sir\u00e9.<\/li>\n<li>Enlevez l\u2019exc\u00e8s de rev\u00eatement sur le verre et les plastiques noir brillant avec un chiffon d\u2019int\u00e9rieur propre<\/li>\n<\/ul>\n<p><strong>Ne pas utiliser sur le tissu ni l\u2019Alcantara.<\/strong><\/p>\n<p><strong>Caract\u00e9ristiques :<\/strong><\/p>\n<ul>\n<li>SiO2 actif<\/li>\n<li>Protection contre les UV<\/li>\n<li>Antistatique<\/li>\n<li>R\u00e9sistant \u00e0 l\u2019abrasion<\/li>\n<li>Hydrophobe<\/li>\n<li>Parfum signature<\/li>\n<\/ul>\n<p><strong><a href=\"https:\/\/perfectionist.ch\/wp-content\/uploads\/2023\/06\/5.-Nuovo-Carbon-Collective-08.08.22-R2.pdf\" target=\"_blank\" rel=\"noopener\">T\u00e9l\u00e9chargez la fiche de donn\u00e9es de s\u00e9curit\u00e9.<\/a><\/strong><\/p>\n<\/div>\n<\/div>\n<\/div>\n<\/div>\n","protected":false},"excerpt":{"rendered":"<p><strong>Nuovo SiO2 Interior Detailer<\/strong> est con\u00e7u avec la m\u00eame teneur en <strong>SiO2<\/strong> actif que les rev\u00eatements, ce qui garantit une protection maximale de vos plastiques.<\/p>\n<p>La formule \u00ab spray &amp; wipe \u00bb laisse une finition non grasse de niveau OEM sur toutes les finitions plastiques, prot\u00e9geant des rayons UV, tout en repoussant la poussi\u00e8re, la salet\u00e9, l\u2019eau et les taches.<\/p>\n<p>La finition protectrice facile \u00e0 nettoyer dure 6 mois sur les plastiques int\u00e9rieurs, 6 mois sur les plastiques du compartiment moteur et jusqu\u2019\u00e0 3 mois sur les garnitures ext\u00e9rieures.<\/p>\n<p>En plus de nettoyer et de prot\u00e9ger vos plastiques, le Nuovo SiO2 Interior Detailer rafra\u00eechit votre habitacle avec un doux parfum signature.<\/p>\n<p><strong><u>Disponible en:<\/u><\/strong><\/p>\n<ul>\n<li><strong>500ml \u2013 25.00 CHF<\/strong><\/li>\n<li><strong>2 Litres \u2013 75.00 CHF<\/strong><\/li>\n<\/ul>\n","protected":false},"featured_media":30818,"comment_status":"open","ping_status":"closed","template":"","meta":{"site-sidebar-layout":"default","site-content-layout":"default","ast-global-header-display":"","ast-banner-title-visibility":"","ast-main-header-display":"","ast-hfb-above-header-display":"","ast-hfb-below-header-display":"","ast-hfb-mobile-header-display":"","site-post-title":"","ast-breadcrumbs-content":"","ast-featured-img":"","footer-sml-layout":"","theme-transparent-header-meta":"default","adv-header-id-meta":"","stick-header-meta":"default","header-above-stick-meta":"","header-main-stick-meta":"","header-below-stick-meta":""},"product_cat":[85,92],"product_tag":[87],"class_list":["post-32150","product","type-product","status-publish","has-post-thumbnail","hentry","product_cat-carbon-collective-fr","product_cat-interior-fr","product_tag-carbon-collective-fr","desktop-align-left","tablet-align-center","mobile-align-left","ast-product-gallery-layout-horizontal-slider","ast-product-tabs-layout-horizontal"],"_links":{"self":[{"href":"https:\/\/perfectionist.ch\/fr\/wp-json\/wp\/v2\/product\/32150","targetHints":{"allow":["GET"]}}],"collection":[{"href":"https:\/\/perfectionist.ch\/fr\/wp-json\/wp\/v2\/product"}],"about":[{"href":"https:\/\/perfectionist.ch\/fr\/wp-json\/wp\/v2\/types\/product"}],"replies":[{"embeddable":true,"href":"https:\/\/perfectionist.ch\/fr\/wp-json\/wp\/v2\/comments?post=32150"}],"wp:featuredmedia":[{"embeddable":true,"href":"https:\/\/perfectionist.ch\/fr\/wp-json\/wp\/v2\/media\/30818"}],"wp:attachment":[{"href":"https:\/\/perfectionist.ch\/fr\/wp-json\/wp\/v2\/media?parent=32150"}],"wp:term":[{"taxonomy":"product_cat","embeddable":true,"href":"https:\/\/perfectionist.ch\/fr\/wp-json\/wp\/v2\/product_cat?post=32150"},{"taxonomy":"product_tag","embeddable":true,"href":"https:\/\/perfectionist.ch\/fr\/wp-json\/wp\/v2\/product_tag?post=32150"}],"curies":[{"name":"wp","href":"https:\/\/api.w.org\/{rel}","templated":true}]}}