{"id":32148,"date":"2023-06-02T13:16:49","date_gmt":"2023-06-02T11:16:49","guid":{"rendered":"https:\/\/perfectionist.ch\/product\/clarity-hydrophobic-glass-cleaner\/"},"modified":"2023-06-02T13:16:49","modified_gmt":"2023-06-02T11:16:49","slug":"clarity-hydrophobic-glass-cleaner","status":"publish","type":"product","link":"https:\/\/perfectionist.ch\/fr\/produit\/clarity-hydrophobic-glass-cleaner\/","title":{"rendered":"Clarity Hydrophobic Glass Cleaner"},"content":{"rendered":"<p><strong>Mode d\u2019emploi:<\/strong><\/p>\n<ul>\n<li>Utiliser uniquement sur le verre ext\u00e9rieur.<\/li>\n<li>Vaporisez l\u00e9g\u00e8rement le verre avec 1 ou 2 pulv\u00e9risations.<\/li>\n<li>\u00c0 l\u2019aide d\u2019un chiffon \u00e0 vitre propre et sec, essuyez le r\u00e9sidu jusqu\u2019\u00e0 ce qu\u2019il soit clair.<\/li>\n<li>Retournez la microfibre et essuyez une seconde fois, en enlevant tout exc\u00e8s.<\/li>\n<li>Laissez passer une heure avant d\u2019utiliser les essuie-glaces.<\/li>\n<\/ul>\n","protected":false},"excerpt":{"rendered":"<p><strong>Clarity Hydrophobic Glass Cleaner<\/strong> \u00e9limine les taches d\u2019eau tout en laissant une couche hydrophobe qui repousse l\u2019eau \u00e0 des vitesses aussi faibles que 50 km\/h.<\/p>\n<p>Contrairement aux nettoyants pour vitres traditionnels, Clarity Hydrophobic Glass Cleaner laisse derri\u00e8re lui une finition hydrophobe autonettoyante qui aide \u00e0 garder les vitres propres plus longtemps.<\/p>\n<p>Ce produit peut \u00eatre utilis\u00e9 comme un produit autonome ou utilis\u00e9 pour maintenir le Platinum Glass Ceramic Coating.<\/p>\n<ul>\n<li>Nettoyant pour vitres hydrophobes<\/li>\n<li>Id\u00e9al pour les environnements urbains<\/li>\n<li>Application par pulv\u00e9risation et essuyage<\/li>\n<li>Enl\u00e8ve les taches d\u2019eau et autres<\/li>\n<li>Emp\u00eache l\u2019accumulation de salet\u00e9<\/li>\n<li>Prolonge la dur\u00e9e de vie du verre platine<\/li>\n<li>Seulement 20-30ml n\u00e9cessaires par voiture<\/li>\n<\/ul>\n<p><strong><u>Disponible en:<\/u><\/strong><\/p>\n<p><strong>500ml \u2013 25.00 CHF<\/strong><\/p>\n","protected":false},"featured_media":773,"comment_status":"open","ping_status":"closed","template":"","meta":{"site-sidebar-layout":"default","site-content-layout":"default","ast-global-header-display":"","ast-banner-title-visibility":"","ast-main-header-display":"","ast-hfb-above-header-display":"","ast-hfb-below-header-display":"","ast-hfb-mobile-header-display":"","site-post-title":"","ast-breadcrumbs-content":"","ast-featured-img":"","footer-sml-layout":"","theme-transparent-header-meta":"default","adv-header-id-meta":"","stick-header-meta":"","header-above-stick-meta":"","header-main-stick-meta":"","header-below-stick-meta":""},"product_cat":[85,94],"product_tag":[87],"class_list":["post-32148","product","type-product","status-publish","has-post-thumbnail","hentry","product_cat-carbon-collective-fr","product_cat-glass-fr","product_tag-carbon-collective-fr","desktop-align-left","tablet-align-center","mobile-align-left","ast-product-gallery-layout-horizontal-slider","ast-product-gallery-with-no-image","ast-product-tabs-layout-horizontal"],"_links":{"self":[{"href":"https:\/\/perfectionist.ch\/fr\/wp-json\/wp\/v2\/product\/32148","targetHints":{"allow":["GET"]}}],"collection":[{"href":"https:\/\/perfectionist.ch\/fr\/wp-json\/wp\/v2\/product"}],"about":[{"href":"https:\/\/perfectionist.ch\/fr\/wp-json\/wp\/v2\/types\/product"}],"replies":[{"embeddable":true,"href":"https:\/\/perfectionist.ch\/fr\/wp-json\/wp\/v2\/comments?post=32148"}],"wp:featuredmedia":[{"embeddable":true,"href":"https:\/\/perfectionist.ch\/fr\/wp-json\/wp\/v2\/media\/773"}],"wp:attachment":[{"href":"https:\/\/perfectionist.ch\/fr\/wp-json\/wp\/v2\/media?parent=32148"}],"wp:term":[{"taxonomy":"product_cat","embeddable":true,"href":"https:\/\/perfectionist.ch\/fr\/wp-json\/wp\/v2\/product_cat?post=32148"},{"taxonomy":"product_tag","embeddable":true,"href":"https:\/\/perfectionist.ch\/fr\/wp-json\/wp\/v2\/product_tag?post=32148"}],"curies":[{"name":"wp","href":"https:\/\/api.w.org\/{rel}","templated":true}]}}