{"id":32147,"date":"2023-06-02T13:17:22","date_gmt":"2023-06-02T11:17:22","guid":{"rendered":"https:\/\/perfectionist.ch\/product\/refresh-glass-cleaner\/"},"modified":"2024-03-19T10:44:01","modified_gmt":"2024-03-19T09:44:01","slug":"refresh-glass-cleaner","status":"publish","type":"product","link":"https:\/\/perfectionist.ch\/fr\/produit\/refresh-glass-cleaner\/","title":{"rendered":"Refresh Glass Cleaner"},"content":{"rendered":"<div class=\"elementor-column elementor-col-50 elementor-top-column elementor-element elementor-element-9e119a0\" data-id=\"9e119a0\" data-element_type=\"column\">\n<div class=\"elementor-widget-wrap elementor-element-populated\">\n<div class=\"elementor-element elementor-element-8abf07f elementor-widget elementor-widget-text-editor\" data-id=\"8abf07f\" data-element_type=\"widget\" data-widget_type=\"text-editor.default\">\n<div class=\"elementor-widget-container\">\n<p><strong>Caract\u00e9ristiques:<\/strong><\/p>\n<ul>\n<li>Sans danger pour le verre \u00e0 rev\u00eatement C\u00e9ramique<\/li>\n<li>Finition sans trace<\/li>\n<li>Utilisation sur les \u00e9crans et les vitres int\u00e9rieures<\/li>\n<li>Enl\u00e8ve la salet\u00e9, le film de circulation et les insectes \u00e0 l\u2019ext\u00e9rieur.<\/li>\n<li>Parfait pour un usage domestique<\/li>\n<\/ul>\n<p><strong><a href=\"https:\/\/perfectionist.ch\/wp-content\/uploads\/2023\/06\/8.-Refresh-Carbon-Collective-21.11.22-R2.pdf\" target=\"_blank\" rel=\"noopener\">T\u00e9l\u00e9chargez la fiche de donn\u00e9es de s\u00e9curit\u00e9.<\/a><\/strong><\/p>\n<\/div>\n<\/div>\n<\/div>\n<\/div>\n","protected":false},"excerpt":{"rendered":"<p><strong><u>Refresh Glass Cleaner<\/u><\/strong> \u2013 Nettoyant pour vitres sans traces<\/p>\n<p>Refresh Glass Cleaner laisse une finition sans traces sur les vitres int\u00e9rieures et ext\u00e9rieures, \u00e9limine les traces de doigts sur les \u00e9crans tactiles et les finitions noires brillantes, et laisse derri\u00e8re lui un parfum rafra\u00eechissant.<\/p>\n<p>Efficace et sans effort, Refresh est formul\u00e9 pour enlever la salet\u00e9, les films de circulation, les insectes, les huiles, les taches et les empreintes digitales, parfait pour les fen\u00eatres, les \u00e9crans et les pare-brise.<\/p>\n<p>Pas seulement pour le detailing et l\u2019automobile, Refresh est un nettoyant pour vitres rapide et impressionnant qui peut \u00eatre utilis\u00e9 sur une multitude de surfaces telles que les appareils m\u00e9nagers, les fen\u00eatres et les vitres, et laisse une finition sans traces.<\/p>\n<p>Pour les taches tenaces et les insectes, appliquez le nettoyant directement et laissez-le agir pendant une minute avant de l\u2019enlever.<\/p>\n<p><strong><u>Disponible en:<\/u><\/strong><\/p>\n<ul>\n<li><strong>500ml \u2013 16.00 CHF<\/strong><\/li>\n<\/ul>\n","protected":false},"featured_media":30792,"comment_status":"open","ping_status":"closed","template":"","meta":{"site-sidebar-layout":"default","site-content-layout":"default","ast-global-header-display":"","ast-banner-title-visibility":"","ast-main-header-display":"","ast-hfb-above-header-display":"","ast-hfb-below-header-display":"","ast-hfb-mobile-header-display":"","site-post-title":"","ast-breadcrumbs-content":"","ast-featured-img":"","footer-sml-layout":"","theme-transparent-header-meta":"default","adv-header-id-meta":"","stick-header-meta":"default","header-above-stick-meta":"","header-main-stick-meta":"","header-below-stick-meta":""},"product_cat":[85,94],"product_tag":[87],"class_list":["post-32147","product","type-product","status-publish","has-post-thumbnail","hentry","product_cat-carbon-collective-fr","product_cat-glass-fr","product_tag-carbon-collective-fr","desktop-align-left","tablet-align-center","mobile-align-left","ast-product-gallery-layout-horizontal-slider","ast-product-gallery-with-no-image","ast-product-tabs-layout-horizontal"],"_links":{"self":[{"href":"https:\/\/perfectionist.ch\/fr\/wp-json\/wp\/v2\/product\/32147","targetHints":{"allow":["GET"]}}],"collection":[{"href":"https:\/\/perfectionist.ch\/fr\/wp-json\/wp\/v2\/product"}],"about":[{"href":"https:\/\/perfectionist.ch\/fr\/wp-json\/wp\/v2\/types\/product"}],"replies":[{"embeddable":true,"href":"https:\/\/perfectionist.ch\/fr\/wp-json\/wp\/v2\/comments?post=32147"}],"wp:featuredmedia":[{"embeddable":true,"href":"https:\/\/perfectionist.ch\/fr\/wp-json\/wp\/v2\/media\/30792"}],"wp:attachment":[{"href":"https:\/\/perfectionist.ch\/fr\/wp-json\/wp\/v2\/media?parent=32147"}],"wp:term":[{"taxonomy":"product_cat","embeddable":true,"href":"https:\/\/perfectionist.ch\/fr\/wp-json\/wp\/v2\/product_cat?post=32147"},{"taxonomy":"product_tag","embeddable":true,"href":"https:\/\/perfectionist.ch\/fr\/wp-json\/wp\/v2\/product_tag?post=32147"}],"curies":[{"name":"wp","href":"https:\/\/api.w.org\/{rel}","templated":true}]}}