{"id":32146,"date":"2023-06-02T13:18:41","date_gmt":"2023-06-02T11:18:41","guid":{"rendered":"https:\/\/perfectionist.ch\/product\/hybrid-coating\/"},"modified":"2024-03-19T10:43:49","modified_gmt":"2024-03-19T09:43:49","slug":"hybrid-coating","status":"publish","type":"product","link":"https:\/\/perfectionist.ch\/fr\/produit\/hybrid-coating\/","title":{"rendered":"Hybrid Coating"},"content":{"rendered":"<p><strong>Mode d\u2019emploi:<\/strong><\/p>\n<ul>\n<li>Nettoyez le v\u00e9hicule comme d\u2019habitude.<\/li>\n<li>Appliquez sur une surface humide, en vous assurant que toute la surface a \u00e9t\u00e9 recouverte.<\/li>\n<li>Laissez agir pendant 30 secondes \u00e0 1 minute.<\/li>\n<li>Rincez vigoureusement \u00e0 l\u2019aide d\u2019un nettoyeur haute pression pour activer le produit.<\/li>\n<li>R\u00e9p\u00e9tez le processus d\u2019application pour une meilleure couverture et une durabilit\u00e9 maximale.<\/li>\n<li>Par temps chaud ou pour les voitures plus sombres, nous recommandons d\u2019appliquer le produit sur un seul panneau \u00e0 la fois.<\/li>\n<li>Ne laissez pas le rev\u00eatement s\u00e9cher.<\/li>\n<\/ul>\n<p><strong>Application au pulv\u00e9risateur manuel<\/strong><\/p>\n<p>50ml Hybrid \/ 450ml d\u2019eau = bouteille de 500ml<\/p>\n<p>100ml Hybrid \/ 900ml d\u2019eau = bouteille de 1 litre<\/p>\n<p><strong><a href=\"https:\/\/perfectionist.ch\/wp-content\/uploads\/2023\/06\/1.-Hybrid-Carbon-Collective-18.11.22-R3.pdf\" target=\"_blank\" rel=\"noopener\">T\u00e9l\u00e9chargez la fiche de donn\u00e9es de s\u00e9curit\u00e9<\/a><\/strong><\/p>\n","protected":false},"excerpt":{"rendered":"<p><strong>Hybrid Coating<\/strong> est une protection synth\u00e9tique ultra-hydrophobe qui peut \u00eatre appliqu\u00e9 d\u2019une multitude de fa\u00e7ons. La formule hautement concentr\u00e9e peut \u00eatre dilu\u00e9e \u00e0 raison de 1:10, 500ml de produits va g\u00e9n\u00e9rer 5L ou 2L de produits va g\u00e9n\u00e9rer 20L.<\/p>\n<p>Le rev\u00eatement peut \u00eatre appliqu\u00e9 sur la peinture ext\u00e9rieure, le verre, les roues et les plastiques, offrant des propri\u00e9t\u00e9s protectrices ultra-hydrophobes, durables pendant <strong>plus de 3 mois.<\/strong><\/p>\n<p>Le rev\u00eatement hybride a \u00e9t\u00e9 enti\u00e8rement reformul\u00e9 et b\u00e9n\u00e9ficie d\u00e9sormais des avantages suivants:<\/p>\n<ul>\n<li>Un nouveau parfum signature.<\/li>\n<li>Un pouvoir r\u00e9pulsif am\u00e9lior\u00e9.<\/li>\n<li>Durabilit\u00e9 am\u00e9lior\u00e9e.<\/li>\n<li>Formule plus concentr\u00e9e.<\/li>\n<li>R\u00e9sistance chimique sup\u00e9rieure.<\/li>\n<li>Liaisons chimiques plus fortes.<\/li>\n<li>Activation plus rapide.<\/li>\n<li>Agent moussant plus puissant.<\/li>\n<li>Plus facile \u00e0 utiliser.<\/li>\n<\/ul>\n<p><strong><u>Disponible en:<\/u><\/strong><\/p>\n<ul>\n<li><strong>500ml \u2013 35.00 CHF<\/strong><\/li>\n<li><strong>5 Litres \u2013 230.00 CHF<\/strong><\/li>\n<\/ul>\n","protected":false},"featured_media":30819,"comment_status":"open","ping_status":"closed","template":"","meta":{"site-sidebar-layout":"default","site-content-layout":"default","ast-global-header-display":"","ast-banner-title-visibility":"","ast-main-header-display":"","ast-hfb-above-header-display":"","ast-hfb-below-header-display":"","ast-hfb-mobile-header-display":"","site-post-title":"","ast-breadcrumbs-content":"","ast-featured-img":"","footer-sml-layout":"","theme-transparent-header-meta":"default","adv-header-id-meta":"","stick-header-meta":"default","header-above-stick-meta":"","header-main-stick-meta":"","header-below-stick-meta":""},"product_cat":[85,90],"product_tag":[87],"class_list":["post-32146","product","type-product","status-publish","has-post-thumbnail","hentry","product_cat-carbon-collective-fr","product_cat-detailing-rapide-carbon-collective","product_tag-carbon-collective-fr","desktop-align-left","tablet-align-center","mobile-align-left","ast-product-gallery-layout-horizontal-slider","ast-product-tabs-layout-horizontal"],"_links":{"self":[{"href":"https:\/\/perfectionist.ch\/fr\/wp-json\/wp\/v2\/product\/32146","targetHints":{"allow":["GET"]}}],"collection":[{"href":"https:\/\/perfectionist.ch\/fr\/wp-json\/wp\/v2\/product"}],"about":[{"href":"https:\/\/perfectionist.ch\/fr\/wp-json\/wp\/v2\/types\/product"}],"replies":[{"embeddable":true,"href":"https:\/\/perfectionist.ch\/fr\/wp-json\/wp\/v2\/comments?post=32146"}],"wp:featuredmedia":[{"embeddable":true,"href":"https:\/\/perfectionist.ch\/fr\/wp-json\/wp\/v2\/media\/30819"}],"wp:attachment":[{"href":"https:\/\/perfectionist.ch\/fr\/wp-json\/wp\/v2\/media?parent=32146"}],"wp:term":[{"taxonomy":"product_cat","embeddable":true,"href":"https:\/\/perfectionist.ch\/fr\/wp-json\/wp\/v2\/product_cat?post=32146"},{"taxonomy":"product_tag","embeddable":true,"href":"https:\/\/perfectionist.ch\/fr\/wp-json\/wp\/v2\/product_tag?post=32146"}],"curies":[{"name":"wp","href":"https:\/\/api.w.org\/{rel}","templated":true}]}}