{"id":32144,"date":"2023-06-02T13:21:13","date_gmt":"2023-06-02T11:21:13","guid":{"rendered":"https:\/\/perfectionist.ch\/product\/rapide-quick-detailer\/"},"modified":"2023-06-02T13:21:13","modified_gmt":"2023-06-02T11:21:13","slug":"rapide-quick-detailer","status":"publish","type":"product","link":"https:\/\/perfectionist.ch\/fr\/produit\/rapide-quick-detailer\/","title":{"rendered":"Rapide Quick Detailer"},"content":{"rendered":"<p><strong>Caract\u00e9ristiques: <\/strong><\/p>\n<ul>\n<li>Am\u00e9lioration du gloss<\/li>\n<li>Am\u00e9lioration de la clart\u00e9<\/li>\n<li>Augmente l\u2019\u00e9clat des paillettes m\u00e9talliques et des perles<\/li>\n<li>\u00c9limination des taches d\u2019eau<\/li>\n<li>Augmente le perlage<\/li>\n<li>Sans traces<\/li>\n<li>La finition super lisse emp\u00eache la salet\u00e9 de s\u2019incruster.<\/li>\n<li>S\u2019utilise sur toutes les finitions ext\u00e9rieures<\/li>\n<li>S\u2019utilise sur la plupart des finitions int\u00e9rieures (tableau de bord, seuil de portes, \u00e9crans tactiles)<\/li>\n<li>Aide au s\u00e9chage sans taches d\u2019eau.<\/li>\n<\/ul>\n<p><strong>Mode d\u2019emploi:<\/strong><\/p>\n<ul>\n<li>Ce produit peut \u00eatre utilis\u00e9 comme un d\u00e9taillant rapide ou comme aide au s\u00e9chage.<\/li>\n<li>Appliquez une brume l\u00e9g\u00e8re \u00e0 une distance de 20-30 cm.<\/li>\n<li>\u00c0 l\u2019aide d\u2019un chiffon doux en microfibres, essuyez la surface en lignes droites.<\/li>\n<li>Enlevez l\u2019exc\u00e9dent de r\u00e9sidus en pliant le chiffon au fur et \u00e0 mesure.<\/li>\n<\/ul>\n<p><strong><a href=\"https:\/\/perfectionist.ch\/wp-content\/uploads\/2023\/06\/4.-Rapide-Carbon-Collective-21.11.22-R2.pdf\" target=\"_blank\" rel=\"noopener\">T\u00e9l\u00e9chargez la fiche de donn\u00e9es de s\u00e9curit\u00e9.<\/a><\/strong><\/p>\n","protected":false},"excerpt":{"rendered":"<p><strong>Rapide Quick Detailer<\/strong> offre un maximum de brillance avec un minimum d\u2019effort. La formule super lisse et sans trace fonctionne sur presque toutes les finitions, \u00e9liminant les filigranes et la poussi\u00e8re en un seul passage, renfor\u00e7ant la brillance et la clart\u00e9 pour une finition parfaite \u00ab juste d\u00e9taill\u00e9e \u00bb.<\/p>\n<p>Rapide est la touche finale parfaite; notre formule \u00e0 vaporiser et \u00e0 essuyer rehausse la finition de la peinture, du verre et du plastique, en pr\u00e9servant tout votre travail.<\/p>\n<p>Con\u00e7u pour \u00eatre superpos\u00e9, notre produit est compatible avec nos rev\u00eatements c\u00e9ramiques et nos protections synth\u00e9tiques afin d\u2019augmenter la durabilit\u00e9 et d\u2019obtenir le plus haut degr\u00e9 de brillance.<\/p>\n<p>Rapide Quick Detailer peut \u00eatre utilis\u00e9 sur une surface s\u00e8che ou humide, comme aide au s\u00e9chage sur une peinture humide, ou appliqu\u00e9 apr\u00e8s s\u00e9chage pour un effet maximum.<\/p>\n<p>Bien que ce produit ne soit pas formul\u00e9 pour la protection, une seule application durera 3 \u00e0 4 semaines, ce qui vous facilite la t\u00e2che lors de votre prochain lavage.<\/p>\n<p><strong><u>Disponible en:<\/u><\/strong><\/p>\n<ul>\n<li><strong>500ml \u2013 20.00 CHF<\/strong><\/li>\n<li><strong>2 Litres \u2013 70.00 CHF<\/strong><\/li>\n<\/ul>\n","protected":false},"featured_media":793,"comment_status":"open","ping_status":"closed","template":"","meta":{"site-sidebar-layout":"default","site-content-layout":"default","ast-global-header-display":"","ast-banner-title-visibility":"","ast-main-header-display":"","ast-hfb-above-header-display":"","ast-hfb-below-header-display":"","ast-hfb-mobile-header-display":"","site-post-title":"","ast-breadcrumbs-content":"","ast-featured-img":"","footer-sml-layout":"","theme-transparent-header-meta":"default","adv-header-id-meta":"","stick-header-meta":"","header-above-stick-meta":"","header-main-stick-meta":"","header-below-stick-meta":""},"product_cat":[85,90],"product_tag":[87],"class_list":["post-32144","product","type-product","status-publish","has-post-thumbnail","hentry","product_cat-carbon-collective-fr","product_cat-detailing-rapide-carbon-collective","product_tag-carbon-collective-fr","desktop-align-left","tablet-align-center","mobile-align-left","ast-product-gallery-layout-horizontal-slider","ast-product-gallery-with-no-image","ast-product-tabs-layout-horizontal"],"_links":{"self":[{"href":"https:\/\/perfectionist.ch\/fr\/wp-json\/wp\/v2\/product\/32144","targetHints":{"allow":["GET"]}}],"collection":[{"href":"https:\/\/perfectionist.ch\/fr\/wp-json\/wp\/v2\/product"}],"about":[{"href":"https:\/\/perfectionist.ch\/fr\/wp-json\/wp\/v2\/types\/product"}],"replies":[{"embeddable":true,"href":"https:\/\/perfectionist.ch\/fr\/wp-json\/wp\/v2\/comments?post=32144"}],"wp:featuredmedia":[{"embeddable":true,"href":"https:\/\/perfectionist.ch\/fr\/wp-json\/wp\/v2\/media\/793"}],"wp:attachment":[{"href":"https:\/\/perfectionist.ch\/fr\/wp-json\/wp\/v2\/media?parent=32144"}],"wp:term":[{"taxonomy":"product_cat","embeddable":true,"href":"https:\/\/perfectionist.ch\/fr\/wp-json\/wp\/v2\/product_cat?post=32144"},{"taxonomy":"product_tag","embeddable":true,"href":"https:\/\/perfectionist.ch\/fr\/wp-json\/wp\/v2\/product_tag?post=32144"}],"curies":[{"name":"wp","href":"https:\/\/api.w.org\/{rel}","templated":true}]}}