{"id":32143,"date":"2023-06-02T13:22:20","date_gmt":"2023-06-02T11:22:20","guid":{"rendered":"https:\/\/perfectionist.ch\/product\/sateen-tire-rubber-protectant\/"},"modified":"2023-06-02T13:22:20","modified_gmt":"2023-06-02T11:22:20","slug":"sateen","status":"publish","type":"product","link":"https:\/\/perfectionist.ch\/fr\/produit\/sateen\/","title":{"rendered":"Sateen Tire &amp; Rubber Protectant"},"content":{"rendered":"<p><strong>Mode d\u2019emploi:<\/strong><\/p>\n<ul>\n<li>S\u2019assurer que tous les anciens enduits et silicones ont \u00e9t\u00e9 enlev\u00e9s avant l\u2019application<\/li>\n<li>Nettoyez soigneusement la surface avec un nettoyant universel ou Citrus Cleanser pour \u00e9liminer la salet\u00e9 et les anciens traitements.<\/li>\n<li>Appliquez toujours sur une surface s\u00e8che, si possible s\u00e8che avec notre s\u00e9choir Air Force 1.<\/li>\n<li>Appliquer 3-4 pulv\u00e9risations sur l\u2019un de nos applicateurs de pneus en mousse.<\/li>\n<li>Appliquez uniform\u00e9ment sur la surface jusqu\u2019\u00e0 ce que l\u2019effet d\u00e9sir\u00e9 soit atteint.<\/li>\n<li>Le rev\u00eatement commencera \u00e0 s\u2019\u00e9claircir au fur et \u00e0 mesure de son durcissement.<\/li>\n<li>Appliquez 2 couches pour une brillance maximale.<\/li>\n<\/ul>\n<p><strong><a href=\"https:\/\/perfectionist.ch\/wp-content\/uploads\/2023\/06\/9.-Sateen-Carbon-Collective-18.08.22-R2.pdf\" target=\"_blank\" rel=\"noopener\">T\u00e9l\u00e9chargez la fiche de donn\u00e9es de s\u00e9curit\u00e9.<\/a><\/strong><\/p>\n","protected":false},"excerpt":{"rendered":"<p>Contrairement \u00e0 tout autre produit sur le march\u00e9, cette nouvelle formulation r\u00e9volutionnaire cr\u00e9e un rev\u00eatement durable qui adh\u00e8re \u00e0 la surface et durcit pour devenir sec au toucher. Il n\u2019y a donc ni coulure ni transfert !<\/p>\n<p>Les propri\u00e9t\u00e9s antistatiques de <strong>Sateen<\/strong> repoussent la poussi\u00e8re, la salet\u00e9 et l\u2019eau, devenant ainsi la nouvelle couche active de la surface.<\/p>\n<p>\u00c0 base d\u2019eau et durable, il fournit une couche de protection UV de longue dur\u00e9e sur les pneus et le caoutchouc, pendant des semaines et non des jours!<\/p>\n<p>Apr\u00e8s l\u2019application d\u2019une couche, le caoutchouc pr\u00e9sente une riche finition satin\u00e9e, r\u00e9sistante \u00e0 l\u2019eau, \u00e0 l\u2019huile et \u00e0 la salet\u00e9.<\/p>\n<p>La superposition de couches suppl\u00e9mentaires augmente le niveau de brillance. Pour une finition longue dur\u00e9e \u00e0 l\u2019aspect mouill\u00e9, appliquez 2 ou 3 couches, \u00e0 15 minutes d\u2019intervalle.<\/p>\n<ul>\n<li>\u00c0 base d\u2019eau<\/li>\n<li>Longue dur\u00e9e<\/li>\n<li>Produit hydrofuge<\/li>\n<li>Ol\u00e9ofuge<\/li>\n<li>Anti-salissures<\/li>\n<li>Pas d\u2019\u00e9lingue<\/li>\n<li>Finition satin\u00e9e (1 couche)<\/li>\n<li>Finition brillante (2-3 couches)<\/li>\n<li>Durabilit\u00e9 de 3+ semaines<\/li>\n<\/ul>\n<p><strong><u>Disponible en:<\/u><\/strong><\/p>\n<ul>\n<li><strong>500ml \u2013 25.00 CHF<\/strong><\/li>\n<li><strong>2 Litres \u2013 85.00 CHF<\/strong><\/li>\n<\/ul>\n","protected":false},"featured_media":30821,"comment_status":"open","ping_status":"closed","template":"","meta":{"site-sidebar-layout":"default","site-content-layout":"default","ast-global-header-display":"","ast-banner-title-visibility":"","ast-main-header-display":"","ast-hfb-above-header-display":"","ast-hfb-below-header-display":"","ast-hfb-mobile-header-display":"","site-post-title":"","ast-breadcrumbs-content":"","ast-featured-img":"","footer-sml-layout":"","theme-transparent-header-meta":"default","adv-header-id-meta":"","stick-header-meta":"default","header-above-stick-meta":"","header-main-stick-meta":"","header-below-stick-meta":""},"product_cat":[85,95],"product_tag":[87],"class_list":["post-32143","product","type-product","status-publish","has-post-thumbnail","hentry","product_cat-carbon-collective-fr","product_cat-trim-tires-fr","product_tag-carbon-collective-fr","desktop-align-left","tablet-align-center","mobile-align-left","ast-product-gallery-layout-horizontal-slider","ast-product-tabs-layout-horizontal"],"_links":{"self":[{"href":"https:\/\/perfectionist.ch\/fr\/wp-json\/wp\/v2\/product\/32143","targetHints":{"allow":["GET"]}}],"collection":[{"href":"https:\/\/perfectionist.ch\/fr\/wp-json\/wp\/v2\/product"}],"about":[{"href":"https:\/\/perfectionist.ch\/fr\/wp-json\/wp\/v2\/types\/product"}],"replies":[{"embeddable":true,"href":"https:\/\/perfectionist.ch\/fr\/wp-json\/wp\/v2\/comments?post=32143"}],"wp:featuredmedia":[{"embeddable":true,"href":"https:\/\/perfectionist.ch\/fr\/wp-json\/wp\/v2\/media\/30821"}],"wp:attachment":[{"href":"https:\/\/perfectionist.ch\/fr\/wp-json\/wp\/v2\/media?parent=32143"}],"wp:term":[{"taxonomy":"product_cat","embeddable":true,"href":"https:\/\/perfectionist.ch\/fr\/wp-json\/wp\/v2\/product_cat?post=32143"},{"taxonomy":"product_tag","embeddable":true,"href":"https:\/\/perfectionist.ch\/fr\/wp-json\/wp\/v2\/product_tag?post=32143"}],"curies":[{"name":"wp","href":"https:\/\/api.w.org\/{rel}","templated":true}]}}