{"id":32140,"date":"2023-06-02T13:23:25","date_gmt":"2023-06-02T11:23:25","guid":{"rendered":"https:\/\/perfectionist.ch\/product\/prima-all-in-one-polish\/"},"modified":"2023-08-29T15:44:49","modified_gmt":"2023-08-29T13:44:49","slug":"prima","status":"publish","type":"product","link":"https:\/\/perfectionist.ch\/fr\/produit\/prima\/","title":{"rendered":"Prima All-in-One Polish"},"content":{"rendered":"","protected":false},"excerpt":{"rendered":"<p><strong>PRIMA<\/strong> est un compos\u00e9 de coupe haute performance en une \u00e9tape, con\u00e7u pour couvrir un large \u00e9ventail de t\u00e2ches de correction sur tous types de peinture courants, y compris les nanoparticules en c\u00e9ramique moderne et les rev\u00eatements transparents r\u00e9sistant aux rayures, ainsi que les finissions de peintures classiques.<\/p>\n<p>Prima utilise des abrasifs \u00e0 la pointe de la technologie cr\u00e9\u00e9s \u00e0 partir d\u2019oxyde d\u2019aluminium de haute puret\u00e9. Ces abrasifs d\u00e9croissants se d\u00e9gradent rapidement en cours d\u2019utilisation, formant un r\u00e9sidu de polissage progressivement plus fin. En cons\u00e9quence, le niveau de coupe diminue rapidement d\u2019un compos\u00e9 de coupe \u00e0 r\u00e9sistance mod\u00e9r\u00e9e \u00e0 un polissage de finition ultrafine, corrigeant et affinant la peinture en une seule \u00e9tape.<\/p>\n<p>En associant Prima avec le tampon appropri\u00e9 pour le type de peinture, le niveau global de coupe peut \u00eatre soigneusement contr\u00f4l\u00e9 pour obtenir des r\u00e9sultats parfaits \u00e0 chaque fois. Par exemple, avec nos tampons de polissage HEX; Compound 1 peut \u00eatre utilis\u00e9 pour une coupe plus lourde, Compound 2 pour une coupe moyenne et le tampon de polissage pour finaliser et affiner la finition.<\/p>\n<p>La formule sans remplissage garantit que l\u2019\u00e9limination des d\u00e9fauts est permanente plut\u00f4t que temporaire.<\/p>\n<ul>\n<li>R\u00e9sultats r\u00e9els de correction en 1 \u00e9tape<\/li>\n<li>Faible teneur en poussi\u00e8re<\/li>\n<li>Facile \u00e0 essuyer<\/li>\n<li> Haute brillance<\/li>\n<li>Coupe haute<\/li>\n<li>Enl\u00e8ve les marques de pon\u00e7age 2000 grains<\/li>\n<\/ul>\n<p><strong><u>Disponible en:<\/u><\/strong><\/p>\n<p><strong>1 Liter \u2013 50.00 CHF<\/strong><\/p>\n","protected":false},"featured_media":32142,"comment_status":"open","ping_status":"closed","template":"","meta":{"site-sidebar-layout":"default","site-content-layout":"default","ast-global-header-display":"","ast-banner-title-visibility":"","ast-main-header-display":"","ast-hfb-above-header-display":"","ast-hfb-below-header-display":"","ast-hfb-mobile-header-display":"","site-post-title":"","ast-breadcrumbs-content":"","ast-featured-img":"","footer-sml-layout":"","theme-transparent-header-meta":"default","adv-header-id-meta":"","stick-header-meta":"","header-above-stick-meta":"","header-main-stick-meta":"","header-below-stick-meta":""},"product_cat":[85,93],"product_tag":[87],"class_list":["post-32140","product","type-product","status-publish","has-post-thumbnail","hentry","product_cat-carbon-collective-fr","product_cat-polish-fr","product_tag-carbon-collective-fr","desktop-align-left","tablet-align-center","mobile-align-left","ast-product-gallery-layout-horizontal-slider","ast-product-gallery-with-no-image","ast-product-tabs-layout-horizontal"],"_links":{"self":[{"href":"https:\/\/perfectionist.ch\/fr\/wp-json\/wp\/v2\/product\/32140","targetHints":{"allow":["GET"]}}],"collection":[{"href":"https:\/\/perfectionist.ch\/fr\/wp-json\/wp\/v2\/product"}],"about":[{"href":"https:\/\/perfectionist.ch\/fr\/wp-json\/wp\/v2\/types\/product"}],"replies":[{"embeddable":true,"href":"https:\/\/perfectionist.ch\/fr\/wp-json\/wp\/v2\/comments?post=32140"}],"wp:featuredmedia":[{"embeddable":true,"href":"https:\/\/perfectionist.ch\/fr\/wp-json\/wp\/v2\/media\/32142"}],"wp:attachment":[{"href":"https:\/\/perfectionist.ch\/fr\/wp-json\/wp\/v2\/media?parent=32140"}],"wp:term":[{"taxonomy":"product_cat","embeddable":true,"href":"https:\/\/perfectionist.ch\/fr\/wp-json\/wp\/v2\/product_cat?post=32140"},{"taxonomy":"product_tag","embeddable":true,"href":"https:\/\/perfectionist.ch\/fr\/wp-json\/wp\/v2\/product_tag?post=32140"}],"curies":[{"name":"wp","href":"https:\/\/api.w.org\/{rel}","templated":true}]}}