{"id":32137,"date":"2023-06-02T13:25:24","date_gmt":"2023-06-02T11:25:24","guid":{"rendered":"https:\/\/perfectionist.ch\/product\/oracle-inorganic-ceramic-coating\/"},"modified":"2023-06-02T13:25:24","modified_gmt":"2023-06-02T11:25:24","slug":"oracle-inorganic-ceramic-coating","status":"publish","type":"product","link":"https:\/\/perfectionist.ch\/fr\/produit\/oracle-inorganic-ceramic-coating\/","title":{"rendered":"Oracle Inorganic Ceramic Coating"},"content":{"rendered":"<p><strong>Peut \u00eatre utilis\u00e9 en toute s\u00e9curit\u00e9 sur les finitions suivantes:<\/strong><\/p>\n<ul>\n<li>Finitions mates<\/li>\n<li>Finitions satin\u00e9es<\/li>\n<li>Finitions brillantes<\/li>\n<li>Peint<\/li>\n<li>Rev\u00eatement en poudre<\/li>\n<li>Vinyle et PPF<\/li>\n<\/ul>\n<p><strong>Caract\u00e9ristiques:<\/strong><\/p>\n<ul>\n<li>Am\u00e9liore les finitions brillantes, mates et satin\u00e9es.<\/li>\n<li>Ultra-hydrophobe<\/li>\n<li>Rend la surface plus facile \u00e0 entretenir<\/li>\n<li>Angle de r\u00e9pulsion de l\u2019eau de 110\u00ba<\/li>\n<li>Angle de drainage aussi bas que 17\u00ba.<\/li>\n<li>Application par essuyage<\/li>\n<li>Temps de travail plus long (2-3 minutes avant le retrait)<\/li>\n<li>Faible teneur en solvants<\/li>\n<\/ul>\n<div class=\"elementor-element elementor-element-5e89e35 elementor-widget elementor-widget-text-editor\" data-id=\"5e89e35\" data-element_type=\"widget\" data-widget_type=\"text-editor.default\">\n<div class=\"elementor-widget-container\">\n<p><strong>Durabilit\u00e9 et R\u00e9sistance aux Rayures:<\/strong><\/p>\n<ul>\n<li>Duret\u00e9 3,5H<\/li>\n<li>Durable pendant un minimum de 2 \u00e0 3 ans<\/li>\n<li>Durable pendant 3 ans lorsqu\u2019elle est associ\u00e9e \u00e0 Platinum Paint (comme base)<\/li>\n<li>Plus durable que la protection fournie par le concessionnaire<\/li>\n<li>Haute r\u00e9sistance chimique<\/li>\n<\/ul>\n<p><strong> <\/strong><strong>Inclus dans le kit:<\/strong><\/p>\n<ul>\n<li>Bouteille de 30ml de rev\u00eatement c\u00e9ramique inorganique Oracle<\/li>\n<li>2x applicateurs en microfibre de 75mm<\/li>\n<\/ul>\n<\/div>\n<\/div>\n","protected":false},"excerpt":{"rendered":"<p><strong>Oracle Inorganic Ceramic Coating<\/strong> est l\u2019un des rev\u00eatements les plus avanc\u00e9s cr\u00e9\u00e9s par Carbon Collective, avec des propri\u00e9t\u00e9s ultra-hydrophobes et un renforcement de la brillance in\u00e9gal\u00e9.<\/p>\n<p>C\u2019est \u00e9galement l\u2019un des rev\u00eatements les plus diversifi\u00e9s du march\u00e9, am\u00e9liorant la profondeur des finitions satin\u00e9es et mates tout en \u00e9tant s\u00fbr \u00e0 utiliser sur une grande vari\u00e9t\u00e9 de surfaces, y compris : la peinture, le PPF, les rev\u00eatements en vinyle, le gelcoat, la fibre de carbone, le m\u00e9tal nu, les surfaces en aluminium et en acier inoxydable, les grilles en plastique, les garnitures et les phares.<\/p>\n<p>Oracle vous permet de passer plus de temps \u00e0 conduire et moins de temps \u00e0 nettoyer, en cr\u00e9ant un rev\u00eatement hautement hydrofuge sur la surface qui n\u00e9cessite tr\u00e8s peu d\u2019entretien, plus besoin de cirage ou de r\u00e9-application.<\/p>\n<p><strong>80.00 CHF<\/strong><\/p>\n","protected":false},"featured_media":788,"comment_status":"open","ping_status":"closed","template":"","meta":{"site-sidebar-layout":"default","site-content-layout":"default","ast-global-header-display":"","ast-banner-title-visibility":"","ast-main-header-display":"","ast-hfb-above-header-display":"","ast-hfb-below-header-display":"","ast-hfb-mobile-header-display":"","site-post-title":"","ast-breadcrumbs-content":"","ast-featured-img":"","footer-sml-layout":"","theme-transparent-header-meta":"default","adv-header-id-meta":"","stick-header-meta":"","header-above-stick-meta":"","header-main-stick-meta":"","header-below-stick-meta":""},"product_cat":[85,91],"product_tag":[87],"class_list":["post-32137","product","type-product","status-publish","has-post-thumbnail","hentry","product_cat-carbon-collective-fr","product_cat-ceramic-fr","product_tag-carbon-collective-fr","desktop-align-left","tablet-align-center","mobile-align-left","ast-product-gallery-layout-horizontal-slider","ast-product-gallery-with-no-image","ast-product-tabs-layout-horizontal"],"_links":{"self":[{"href":"https:\/\/perfectionist.ch\/fr\/wp-json\/wp\/v2\/product\/32137","targetHints":{"allow":["GET"]}}],"collection":[{"href":"https:\/\/perfectionist.ch\/fr\/wp-json\/wp\/v2\/product"}],"about":[{"href":"https:\/\/perfectionist.ch\/fr\/wp-json\/wp\/v2\/types\/product"}],"replies":[{"embeddable":true,"href":"https:\/\/perfectionist.ch\/fr\/wp-json\/wp\/v2\/comments?post=32137"}],"wp:featuredmedia":[{"embeddable":true,"href":"https:\/\/perfectionist.ch\/fr\/wp-json\/wp\/v2\/media\/788"}],"wp:attachment":[{"href":"https:\/\/perfectionist.ch\/fr\/wp-json\/wp\/v2\/media?parent=32137"}],"wp:term":[{"taxonomy":"product_cat","embeddable":true,"href":"https:\/\/perfectionist.ch\/fr\/wp-json\/wp\/v2\/product_cat?post=32137"},{"taxonomy":"product_tag","embeddable":true,"href":"https:\/\/perfectionist.ch\/fr\/wp-json\/wp\/v2\/product_tag?post=32137"}],"curies":[{"name":"wp","href":"https:\/\/api.w.org\/{rel}","templated":true}]}}