{"id":32136,"date":"2023-06-02T13:26:01","date_gmt":"2023-06-02T11:26:01","guid":{"rendered":"https:\/\/perfectionist.ch\/product\/platinum-paint-ceramic-coating\/"},"modified":"2023-06-02T13:26:01","modified_gmt":"2023-06-02T11:26:01","slug":"platinum-paint-ceramic-coating","status":"publish","type":"product","link":"https:\/\/perfectionist.ch\/fr\/produit\/platinum-paint-ceramic-coating\/","title":{"rendered":"Platinum Paint Ceramic Coating"},"content":{"rendered":"<p><strong>Peut \u00eatre utilis\u00e9 en toute s\u00e9curit\u00e9 sur les finitions suivantes:<\/strong><\/p>\n<ul>\n<li>Les finitions Mates<\/li>\n<li>Finitions satin\u00e9es<\/li>\n<li>Finitions brillantes<\/li>\n<li>Peint<\/li>\n<li>Rev\u00eatement en poudre<\/li>\n<\/ul>\n<p><strong>Caract\u00e9ristiques:<\/strong><\/p>\n<ul>\n<li>Hydrophobe<\/li>\n<li>Rend la surface plus facile \u00e0 entretenir<\/li>\n<li>Application par essuyage<\/li>\n<li>Am\u00e9liore les finitions brillantes, mates et satin\u00e9es<\/li>\n<\/ul>\n<div class=\"elementor-element elementor-element-4af0eb4 elementor-widget elementor-widget-text-editor\" data-id=\"4af0eb4\" data-element_type=\"widget\" data-widget_type=\"text-editor.default\">\n<div class=\"elementor-widget-container\">\n<p><strong>Durabilit\u00e9 et R\u00e9sistance aux Rayures:<\/strong><\/p>\n<ul>\n<li>V\u00e9ritable duret\u00e9 7H<\/li>\n<li>Durable pendant un minimum de 2 ans<\/li>\n<li>Durable pendant 3 ans lorsqu\u2019il est associ\u00e9 \u00e0 Oracle<\/li>\n<li>Plus durable que la protection fournie par le concessionnaire<\/li>\n<li>Haute r\u00e9sistance chimique<\/li>\n<\/ul>\n<div><\/div>\n<p><strong>Inclus dans le kit:<\/strong><\/p>\n<ul>\n<li>Nouveau style de bouteille avec compte-gouttes 2.0<\/li>\n<li>Bouteille de 30ml de rev\u00eatement c\u00e9ramique Platinum Paint<\/li>\n<li>1x Applicateur Microfibre 75mm<\/li>\n<\/ul>\n<\/div>\n<\/div>\n","protected":false},"excerpt":{"rendered":"<p><strong>Platinum Paint Ceramic Coating<\/strong>, l\u2019avenir de la protection de la peinture. Ce rev\u00eatement d\u00e9di\u00e9 \u00e0 la peinture forme une liaison permanente directement sur la surface de la peinture et devient la couche sup\u00e9rieure active.<\/p>\n<p>Prot\u00e9gez votre peinture contre les retomb\u00e9es, les excr\u00e9ments d\u2019oiseaux, le goudron, les produits chimiques, les rayons UV et m\u00eame les rayures mineures pendant 2 ans.<\/p>\n<p>Le rev\u00eatement Platinum Paint peut \u00e9galement \u00eatre utilis\u00e9 comme base pour le rev\u00eatement Oracle, la duret\u00e9 7H permet de d\u00e9poser une couche r\u00e9sistante aux rayures, aidant \u00e0 garder votre peinture sans hologramme.<\/p>\n<p>Contrairement aux cires ordinaires, cette protection synth\u00e9tique poss\u00e8de des propri\u00e9t\u00e9s antistatiques et autonettoyantes, ce qui en fait un produit n\u00e9cessitant tr\u00e8s peu d\u2019entretien. Il n\u2019est pas n\u00e9cessaire de renouveler l\u2019application ou de faire appel \u00e0 une cire ou \u00e0 un d\u00e9taillant, c\u2019est tout ce dont vous avez besoin.<\/p>\n<p><strong><span lang=\"FR-CH\">70.00 CHF<\/span><\/strong><\/p>\n","protected":false},"featured_media":791,"comment_status":"open","ping_status":"closed","template":"","meta":{"site-sidebar-layout":"default","site-content-layout":"default","ast-global-header-display":"","ast-banner-title-visibility":"","ast-main-header-display":"","ast-hfb-above-header-display":"","ast-hfb-below-header-display":"","ast-hfb-mobile-header-display":"","site-post-title":"","ast-breadcrumbs-content":"","ast-featured-img":"","footer-sml-layout":"","theme-transparent-header-meta":"default","adv-header-id-meta":"","stick-header-meta":"","header-above-stick-meta":"","header-main-stick-meta":"","header-below-stick-meta":""},"product_cat":[85,91],"product_tag":[87],"class_list":["post-32136","product","type-product","status-publish","has-post-thumbnail","hentry","product_cat-carbon-collective-fr","product_cat-ceramic-fr","product_tag-carbon-collective-fr","desktop-align-left","tablet-align-center","mobile-align-left","ast-product-gallery-layout-horizontal-slider","ast-product-gallery-with-no-image","ast-product-tabs-layout-horizontal"],"_links":{"self":[{"href":"https:\/\/perfectionist.ch\/fr\/wp-json\/wp\/v2\/product\/32136","targetHints":{"allow":["GET"]}}],"collection":[{"href":"https:\/\/perfectionist.ch\/fr\/wp-json\/wp\/v2\/product"}],"about":[{"href":"https:\/\/perfectionist.ch\/fr\/wp-json\/wp\/v2\/types\/product"}],"replies":[{"embeddable":true,"href":"https:\/\/perfectionist.ch\/fr\/wp-json\/wp\/v2\/comments?post=32136"}],"wp:featuredmedia":[{"embeddable":true,"href":"https:\/\/perfectionist.ch\/fr\/wp-json\/wp\/v2\/media\/791"}],"wp:attachment":[{"href":"https:\/\/perfectionist.ch\/fr\/wp-json\/wp\/v2\/media?parent=32136"}],"wp:term":[{"taxonomy":"product_cat","embeddable":true,"href":"https:\/\/perfectionist.ch\/fr\/wp-json\/wp\/v2\/product_cat?post=32136"},{"taxonomy":"product_tag","embeddable":true,"href":"https:\/\/perfectionist.ch\/fr\/wp-json\/wp\/v2\/product_tag?post=32136"}],"curies":[{"name":"wp","href":"https:\/\/api.w.org\/{rel}","templated":true}]}}