{"id":32135,"date":"2023-06-02T13:26:33","date_gmt":"2023-06-02T11:26:33","guid":{"rendered":"https:\/\/perfectionist.ch\/product\/platinum-wheels-ceramic-coating\/"},"modified":"2023-06-02T13:26:33","modified_gmt":"2023-06-02T11:26:33","slug":"platinum-wheels-ceramic-coating","status":"publish","type":"product","link":"https:\/\/perfectionist.ch\/fr\/produit\/platinum-wheels-ceramic-coating\/","title":{"rendered":"Platinum Wheels Ceramic Coating"},"content":{"rendered":"<div class=\"elementor-column elementor-col-50 elementor-top-column elementor-element elementor-element-54fbd4f\" data-id=\"54fbd4f\" data-element_type=\"column\">\n<div class=\"elementor-widget-wrap elementor-element-populated\">\n<div class=\"elementor-element elementor-element-6c7f44f elementor-widget elementor-widget-text-editor\" data-id=\"6c7f44f\" data-element_type=\"widget\" data-widget_type=\"text-editor.default\">\n<div class=\"elementor-widget-container\">\n<p><strong>Peut \u00eatre utilis\u00e9 en toute s\u00e9curit\u00e9 sur les finitions suivantes:<\/strong><\/p>\n<ul>\n<li>M\u00e9tal nu (alliage, cuivre, acier, inox, titane)<\/li>\n<li>Finitions peintes<\/li>\n<li>Finitions avec rev\u00eatement en poudre<\/li>\n<li>Finitions anodis\u00e9es<\/li>\n<li>Finitions brillantes, mates et satin\u00e9es<\/li>\n<\/ul>\n<p><strong>Caract\u00e9ristiques:<\/strong><\/p>\n<ul>\n<li>Prot\u00e8ge 6-8 roues (ou deux couches)<\/li>\n<li>Protection maximale contre les rayures<\/li>\n<li>Super-hydrophobe<\/li>\n<li>Rend la surface plus facile \u00e0 entretenir<\/li>\n<li>Contenu actif plus \u00e9lev\u00e9<\/li>\n<li>Application par essuyage<\/li>\n<\/ul>\n<div class=\"elementor-element elementor-element-aae4870 elementor-widget elementor-widget-text-editor\" data-id=\"aae4870\" data-element_type=\"widget\" data-widget_type=\"text-editor.default\">\n<div class=\"elementor-widget-container\">\n<p><strong>Durabilit\u00e9 et R\u00e9sistance aux Rayures:<\/strong><\/p>\n<ul>\n<li>Duret\u00e9 r\u00e9elle 9H<\/li>\n<li>R\u00e9siste \u00e0 la chaleur jusqu\u2019\u00e0 350\u00b0C<\/li>\n<li>Durable pendant un minimum de 2 ans<\/li>\n<li>Peut \u00eatre am\u00e9lior\u00e9 avec Oracle<\/li>\n<li>Haute r\u00e9sistance chimique<\/li>\n<\/ul>\n<\/div>\n<\/div>\n<\/div>\n<\/div>\n<\/div>\n<\/div>\n","protected":false},"excerpt":{"rendered":"<p><strong>Platinum Wheels Ceramic Coating<\/strong> est un rev\u00eatement 9H ultra-durable qui peut \u00eatre utilis\u00e9 sur les finitions en aluminium et en acier inoxydable peintes, rev\u00eatues par poudre ou nues. Une fois appliqu\u00e9, le rev\u00eatement devient la couche active sur la surface des roues, les prot\u00e9geant de la salet\u00e9, des contaminants de la poussi\u00e8re de frein et m\u00eame des rayures.<\/p>\n<p>Avec une r\u00e9sistance \u00e0 la chaleur jusqu\u2019\u00e0 350\u00b0C, il est id\u00e9al pour prot\u00e9ger les composants pr\u00e9cieux du v\u00e9hicule pour le moteur, les freins, les roues et la suspension.<\/p>\n<p>Durable pendant un minimum de 2 ans avec une application compl\u00e8te (deux couches), les roues deviennent faciles \u00e0 nettoyer et \u00e0 entretenir.<\/p>\n<p><strong>Disponible en:<\/strong><\/p>\n<ul>\n<li><strong>Bouteille de 15ml \u2013 40.00 CHF<\/strong><\/li>\n<li><strong>Bouteille de 30ml \u2013 70.00 CHF<\/strong><\/li>\n<\/ul>\n","protected":false},"featured_media":814,"comment_status":"open","ping_status":"closed","template":"","meta":{"site-sidebar-layout":"default","site-content-layout":"default","ast-global-header-display":"","ast-banner-title-visibility":"","ast-main-header-display":"","ast-hfb-above-header-display":"","ast-hfb-below-header-display":"","ast-hfb-mobile-header-display":"","site-post-title":"","ast-breadcrumbs-content":"","ast-featured-img":"","footer-sml-layout":"","theme-transparent-header-meta":"default","adv-header-id-meta":"","stick-header-meta":"","header-above-stick-meta":"","header-main-stick-meta":"","header-below-stick-meta":""},"product_cat":[85,91],"product_tag":[87],"class_list":["post-32135","product","type-product","status-publish","has-post-thumbnail","hentry","product_cat-carbon-collective-fr","product_cat-ceramic-fr","product_tag-carbon-collective-fr","desktop-align-left","tablet-align-center","mobile-align-left","ast-product-gallery-layout-horizontal-slider","ast-product-gallery-with-no-image","ast-product-tabs-layout-horizontal"],"_links":{"self":[{"href":"https:\/\/perfectionist.ch\/fr\/wp-json\/wp\/v2\/product\/32135","targetHints":{"allow":["GET"]}}],"collection":[{"href":"https:\/\/perfectionist.ch\/fr\/wp-json\/wp\/v2\/product"}],"about":[{"href":"https:\/\/perfectionist.ch\/fr\/wp-json\/wp\/v2\/types\/product"}],"replies":[{"embeddable":true,"href":"https:\/\/perfectionist.ch\/fr\/wp-json\/wp\/v2\/comments?post=32135"}],"wp:featuredmedia":[{"embeddable":true,"href":"https:\/\/perfectionist.ch\/fr\/wp-json\/wp\/v2\/media\/814"}],"wp:attachment":[{"href":"https:\/\/perfectionist.ch\/fr\/wp-json\/wp\/v2\/media?parent=32135"}],"wp:term":[{"taxonomy":"product_cat","embeddable":true,"href":"https:\/\/perfectionist.ch\/fr\/wp-json\/wp\/v2\/product_cat?post=32135"},{"taxonomy":"product_tag","embeddable":true,"href":"https:\/\/perfectionist.ch\/fr\/wp-json\/wp\/v2\/product_tag?post=32135"}],"curies":[{"name":"wp","href":"https:\/\/api.w.org\/{rel}","templated":true}]}}