{"id":32134,"date":"2023-06-02T13:27:07","date_gmt":"2023-06-02T11:27:07","guid":{"rendered":"https:\/\/perfectionist.ch\/product\/platinum-glass-ceramic-coating\/"},"modified":"2023-06-02T13:27:07","modified_gmt":"2023-06-02T11:27:07","slug":"platinum-glass-ceramic-coating","status":"publish","type":"product","link":"https:\/\/perfectionist.ch\/fr\/produit\/platinum-glass-ceramic-coating\/","title":{"rendered":"Platinum Glass Ceramic Coating"},"content":{"rendered":"<p><strong>Peut \u00eatre utilis\u00e9 en toute s\u00e9curit\u00e9 sur les finitions suivantes:<\/strong><\/p>\n<ul>\n<li>Pare-brise<\/li>\n<li>Verre ext\u00e9rieur<\/li>\n<li>Polycarbonate<\/li>\n<li>Visi\u00e8res de moto<\/li>\n<\/ul>\n<p><strong>Caract\u00e9ristiques:<\/strong><\/p>\n<ul>\n<li>Repousse l\u2019eau \u00e0 des vitesses aussi faibles que 50km\/h<\/li>\n<li>Hydrophobie maximale<\/li>\n<li>Rend la surface plus facile \u00e0 entretenir<\/li>\n<li>Application facile par essuyage<\/li>\n<\/ul>\n<div class=\"elementor-element elementor-element-7258870 elementor-widget elementor-widget-text-editor\" data-id=\"7258870\" data-element_type=\"widget\" data-widget_type=\"text-editor.default\">\n<div class=\"elementor-widget-container\">\n<p><strong>Durabilit\u00e9 et R\u00e9sistance aux Rayures:<\/strong><\/p>\n<ul>\n<li>Durable 6- 12 mois sur les vitres avant et arri\u00e8re<\/li>\n<li>Durable pendant 24 mois sur les vitres lat\u00e9rales<\/li>\n<li>Le contenu actif en si02 augmente la durabilit\u00e9<\/li>\n<\/ul>\n<div><\/div>\n<p>&nbsp;<\/p>\n<\/div>\n<\/div>\n","protected":false},"excerpt":{"rendered":"<p><strong>Platinum Glass Ceramic Coating<\/strong> a \u00e9t\u00e9 formul\u00e9 \u00e0 partir de la m\u00eame technologie que les rev\u00eatements Platinum Wheels et Platinum Paint. Gr\u00e2ce \u00e0 de fortes liaisons chimiques, le rev\u00eatement devient la nouvelle couche fonctionnelle de la surface du verre.<\/p>\n<p>Lorsqu\u2019il est appliqu\u00e9, l\u2019utilisation des balais d\u2019essuie-glace est consid\u00e9rablement r\u00e9duite car les propri\u00e9t\u00e9s super hydrophobe du Platinum Glass commencent \u00e0 des vitesses aussi basses que 50 km\/h. Cela augmente la visibilit\u00e9 pour cr\u00e9er une exp\u00e9rience de conduite plus s\u00fbre.<\/p>\n<p>La durabilit\u00e9 est d\u2019un minimum de 6 mois sur les vitres avant et arri\u00e8re. Cependant, sur les vitres lat\u00e9rales, la durabilit\u00e9 est de 12-24 mois.<\/p>\n<p>Nous recommandons 2 couches, la premi\u00e8re couche pose la base, la seconde couche assure une couverture \u00e0 100% et l\u2019\u00e9limination des r\u00e9sidus.<\/p>\n<p><span lang=\"FR-CH\"><strong>40.00 CHF<\/strong><\/span><\/p>\n","protected":false},"featured_media":790,"comment_status":"open","ping_status":"closed","template":"","meta":{"site-sidebar-layout":"default","site-content-layout":"default","ast-global-header-display":"","ast-banner-title-visibility":"","ast-main-header-display":"","ast-hfb-above-header-display":"","ast-hfb-below-header-display":"","ast-hfb-mobile-header-display":"","site-post-title":"","ast-breadcrumbs-content":"","ast-featured-img":"","footer-sml-layout":"","theme-transparent-header-meta":"default","adv-header-id-meta":"","stick-header-meta":"","header-above-stick-meta":"","header-main-stick-meta":"","header-below-stick-meta":""},"product_cat":[85,91],"product_tag":[87],"class_list":["post-32134","product","type-product","status-publish","has-post-thumbnail","hentry","product_cat-carbon-collective-fr","product_cat-ceramic-fr","product_tag-carbon-collective-fr","desktop-align-left","tablet-align-center","mobile-align-left","ast-product-gallery-layout-horizontal-slider","ast-product-gallery-with-no-image","ast-product-tabs-layout-horizontal"],"_links":{"self":[{"href":"https:\/\/perfectionist.ch\/fr\/wp-json\/wp\/v2\/product\/32134","targetHints":{"allow":["GET"]}}],"collection":[{"href":"https:\/\/perfectionist.ch\/fr\/wp-json\/wp\/v2\/product"}],"about":[{"href":"https:\/\/perfectionist.ch\/fr\/wp-json\/wp\/v2\/types\/product"}],"replies":[{"embeddable":true,"href":"https:\/\/perfectionist.ch\/fr\/wp-json\/wp\/v2\/comments?post=32134"}],"wp:featuredmedia":[{"embeddable":true,"href":"https:\/\/perfectionist.ch\/fr\/wp-json\/wp\/v2\/media\/790"}],"wp:attachment":[{"href":"https:\/\/perfectionist.ch\/fr\/wp-json\/wp\/v2\/media?parent=32134"}],"wp:term":[{"taxonomy":"product_cat","embeddable":true,"href":"https:\/\/perfectionist.ch\/fr\/wp-json\/wp\/v2\/product_cat?post=32134"},{"taxonomy":"product_tag","embeddable":true,"href":"https:\/\/perfectionist.ch\/fr\/wp-json\/wp\/v2\/product_tag?post=32134"}],"curies":[{"name":"wp","href":"https:\/\/api.w.org\/{rel}","templated":true}]}}