{"id":32133,"date":"2023-06-02T13:28:21","date_gmt":"2023-06-02T11:28:21","guid":{"rendered":"https:\/\/perfectionist.ch\/product\/platinum-trim-ceramic-coating\/"},"modified":"2023-06-02T13:28:21","modified_gmt":"2023-06-02T11:28:21","slug":"platinum-trim-ceramic-coating","status":"publish","type":"product","link":"https:\/\/perfectionist.ch\/fr\/produit\/platinum-trim-ceramic-coating\/","title":{"rendered":"Platinum Trim Ceramic Coating"},"content":{"rendered":"<p><strong>Peut \u00eatre utilis\u00e9 en toute s\u00e9curit\u00e9 sur les finitions suivantes :<\/strong><\/p>\n<ul>\n<li>Nouveaux plastiques<\/li>\n<li>Vieux plastique<\/li>\n<li>Garniture noire piano<\/li>\n<li>Garniture int\u00e9rieure<\/li>\n<li>Garniture ext\u00e9rieure<\/li>\n<li>Plastique pour compartiment moteur<\/li>\n<li>Pare-chocs et arches textur\u00e9s<\/li>\n<\/ul>\n<p><strong>Durabilit\u00e9 et r\u00e9sistance aux rayures :<\/strong><\/p>\n<ul>\n<li>3H Duret\u00e9<\/li>\n<li>Durable pendant au moins 2 ans<\/li>\n<li>Plus durable et plus durable que les pansements en silicone<\/li>\n<li>Haute r\u00e9sistance chimique<\/li>\n<\/ul>\n<p><strong>Caract\u00e9ristiques:<\/strong><\/p>\n<ul>\n<li>Finition satin\u00e9 OEM<\/li>\n<li>Restaure la garniture \u00ab comme neuve \u00bb<\/li>\n<li>Finition non-grasse<\/li>\n<li>Protection contre les rayons UV<\/li>\n<li>Pr\u00e9vient la d\u00e9coloration<\/li>\n<li>Hydrophobe<\/li>\n<li>Nettoyage et entretien plus faciles<\/li>\n<li>Contenu actif plus \u00e9lev\u00e9<\/li>\n<li>Essuyer \u00ab wipe on, wipe off \u00bb \u00e0 l\u2019application<\/li>\n<li>Approfondit la couleur et r\u00e9hausse le fini des plastiques<\/li>\n<\/ul>\n","protected":false},"excerpt":{"rendered":"<p><strong>Platinum Trim Ceramic Coating<\/strong> is est un rev\u00eatement r\u00e9volutionnaire con\u00e7u pour restaurer et prot\u00e9ger les plastiques et les garnitures ext\u00e9rieures. Reformul\u00e9e pour 2022, la nouvelle formule am\u00e9lior\u00e9e cr\u00e9e une liaison chimique plus forte \u00e0 la surface, augmentant la durabilit\u00e9 et am\u00e9liorant la facilit\u00e9 d\u2019application.<\/p>\n<p>Contrairement aux rev\u00eatements de garniture traditionnels, notre Platinum Trim Coating fonctionne r\u00e9ellement, adh\u00e9rant \u00e0 la surface tout en restaurant et en prot\u00e9geant les vieux plastiques d\u00e9color\u00e9s en une seule \u00e9tape.<\/p>\n<p>Platinum Trim est con\u00e7u pour laisser un niveau OEM am\u00e9lior\u00e9, finition satin\u00e9e sur les plastiques int\u00e9rieurs et ext\u00e9rieurs. Le rev\u00eatement offre une barri\u00e8re 3H durable pendant 2 ans sur une seule application, prot\u00e9geant contre les rayons UV, la d\u00e9coloration, les produits chimiques et les contaminants.<\/p>\n<p>Ce rev\u00eatement peut \u00e9galement \u00eatre utilis\u00e9 sur de nouveaux plastiques comme couche de protection pour pr\u00e9venir la d\u00e9coloration et la coloration. Contrairement aux produits en silicone conventionnels, notre rev\u00eatement c\u00e9ramique s\u00e8che au toucher, repousse la poussi\u00e8re et la salet\u00e9 plut\u00f4t que de l\u2019attirer.<\/p>\n<p>Pour de meilleurs r\u00e9sultats, assurez-vous que les anciens rev\u00eatements ou contaminants sont enlev\u00e9s par nettoyage, avant l\u2019application.<\/p>\n<p><strong><span lang=\"FR-CH\">65.00 CHF<\/span><\/strong><\/p>\n","protected":false},"featured_media":30639,"comment_status":"open","ping_status":"closed","template":"","meta":{"site-sidebar-layout":"default","site-content-layout":"default","ast-global-header-display":"","ast-banner-title-visibility":"","ast-main-header-display":"","ast-hfb-above-header-display":"","ast-hfb-below-header-display":"","ast-hfb-mobile-header-display":"","site-post-title":"","ast-breadcrumbs-content":"","ast-featured-img":"","footer-sml-layout":"","theme-transparent-header-meta":"default","adv-header-id-meta":"","stick-header-meta":"","header-above-stick-meta":"","header-main-stick-meta":"","header-below-stick-meta":""},"product_cat":[85,91],"product_tag":[87],"class_list":["post-32133","product","type-product","status-publish","has-post-thumbnail","hentry","product_cat-carbon-collective-fr","product_cat-ceramic-fr","product_tag-carbon-collective-fr","desktop-align-left","tablet-align-center","mobile-align-left","ast-product-gallery-layout-horizontal-slider","ast-product-gallery-with-no-image","ast-product-tabs-layout-horizontal"],"_links":{"self":[{"href":"https:\/\/perfectionist.ch\/fr\/wp-json\/wp\/v2\/product\/32133","targetHints":{"allow":["GET"]}}],"collection":[{"href":"https:\/\/perfectionist.ch\/fr\/wp-json\/wp\/v2\/product"}],"about":[{"href":"https:\/\/perfectionist.ch\/fr\/wp-json\/wp\/v2\/types\/product"}],"replies":[{"embeddable":true,"href":"https:\/\/perfectionist.ch\/fr\/wp-json\/wp\/v2\/comments?post=32133"}],"wp:featuredmedia":[{"embeddable":true,"href":"https:\/\/perfectionist.ch\/fr\/wp-json\/wp\/v2\/media\/30639"}],"wp:attachment":[{"href":"https:\/\/perfectionist.ch\/fr\/wp-json\/wp\/v2\/media?parent=32133"}],"wp:term":[{"taxonomy":"product_cat","embeddable":true,"href":"https:\/\/perfectionist.ch\/fr\/wp-json\/wp\/v2\/product_cat?post=32133"},{"taxonomy":"product_tag","embeddable":true,"href":"https:\/\/perfectionist.ch\/fr\/wp-json\/wp\/v2\/product_tag?post=32133"}],"curies":[{"name":"wp","href":"https:\/\/api.w.org\/{rel}","templated":true}]}}