{"id":32118,"date":"2023-06-02T13:29:38","date_gmt":"2023-06-02T11:29:38","guid":{"rendered":"https:\/\/perfectionist.ch\/product\/ultra-soft-detailing-brush-set\/"},"modified":"2023-06-02T13:29:38","modified_gmt":"2023-06-02T11:29:38","slug":"ultra-soft-detailing-brush-set","status":"publish","type":"product","link":"https:\/\/perfectionist.ch\/fr\/produit\/ultra-soft-detailing-brush-set\/","title":{"rendered":"Ultra Soft Detailing Brush Set"},"content":{"rendered":"","protected":false},"excerpt":{"rendered":"<p><strong>Ultra Soft Detailing Brush Set<\/strong> est con\u00e7u pour les professionnels de l\u2019esth\u00e9tique, les poils synth\u00e9tiques ultra doux sont con\u00e7us pour \u00e9liminer la poussi\u00e8re et les d\u00e9bris des surfaces les plus sensibles sans les rayer.<\/p>\n<p>Les brosses ergonomiques anti-rayures peuvent \u00eatre utilis\u00e9es sur une multitude de surfaces telles que les garnitures noir brillant, les garnitures ext\u00e9rieures, les int\u00e9rieurs et l\u2019agitation tout en faisant mousser la mousse.<\/p>\n<ul>\n<li>Construction anti-rayures<\/li>\n<li>Design ergonomique<\/li>\n<li>Poils synth\u00e9tiques ultra doux<\/li>\n<li>Peut \u00eatre utilis\u00e9 humide ou sec<\/li>\n<li>Peut \u00eatre utilis\u00e9 avec des produits de nettoyage<\/li>\n<\/ul>\n<p><strong>Cet ensemble contient 4 brosses de finition ultra douces:<\/strong><\/p>\n<ul>\n<li>Brosse No. 10 210mm<\/li>\n<li>Brosse No. 12 220mm<\/li>\n<li>Brosse No. 16 230mm<\/li>\n<li>Brosse No. 18 240mm<\/li>\n<\/ul>\n<div><span lang=\"FR-CH\">2<\/span><span lang=\"FR-CH\"><strong>9.00 CHF<\/strong><\/span><\/div>\n","protected":false},"featured_media":30798,"comment_status":"open","ping_status":"closed","template":"","meta":{"site-sidebar-layout":"default","site-content-layout":"default","ast-global-header-display":"","ast-banner-title-visibility":"","ast-main-header-display":"","ast-hfb-above-header-display":"","ast-hfb-below-header-display":"","ast-hfb-mobile-header-display":"","site-post-title":"","ast-breadcrumbs-content":"","ast-featured-img":"","footer-sml-layout":"","theme-transparent-header-meta":"default","adv-header-id-meta":"","stick-header-meta":"default","header-above-stick-meta":"","header-main-stick-meta":"","header-below-stick-meta":""},"product_cat":[86,85],"product_tag":[87],"class_list":["post-32118","product","type-product","status-publish","has-post-thumbnail","hentry","product_cat-accessories-fr","product_cat-carbon-collective-fr","product_tag-carbon-collective-fr","desktop-align-left","tablet-align-center","mobile-align-left","ast-product-gallery-layout-horizontal-slider","ast-product-tabs-layout-horizontal"],"_links":{"self":[{"href":"https:\/\/perfectionist.ch\/fr\/wp-json\/wp\/v2\/product\/32118","targetHints":{"allow":["GET"]}}],"collection":[{"href":"https:\/\/perfectionist.ch\/fr\/wp-json\/wp\/v2\/product"}],"about":[{"href":"https:\/\/perfectionist.ch\/fr\/wp-json\/wp\/v2\/types\/product"}],"replies":[{"embeddable":true,"href":"https:\/\/perfectionist.ch\/fr\/wp-json\/wp\/v2\/comments?post=32118"}],"wp:featuredmedia":[{"embeddable":true,"href":"https:\/\/perfectionist.ch\/fr\/wp-json\/wp\/v2\/media\/30798"}],"wp:attachment":[{"href":"https:\/\/perfectionist.ch\/fr\/wp-json\/wp\/v2\/media?parent=32118"}],"wp:term":[{"taxonomy":"product_cat","embeddable":true,"href":"https:\/\/perfectionist.ch\/fr\/wp-json\/wp\/v2\/product_cat?post=32118"},{"taxonomy":"product_tag","embeddable":true,"href":"https:\/\/perfectionist.ch\/fr\/wp-json\/wp\/v2\/product_tag?post=32118"}],"curies":[{"name":"wp","href":"https:\/\/api.w.org\/{rel}","templated":true}]}}