{"id":32117,"date":"2023-06-02T13:31:01","date_gmt":"2023-06-02T11:31:01","guid":{"rendered":"https:\/\/perfectionist.ch\/product\/wash-buckets\/"},"modified":"2023-06-02T13:31:01","modified_gmt":"2023-06-02T11:31:01","slug":"wash-buckets","status":"publish","type":"product","link":"https:\/\/perfectionist.ch\/fr\/produit\/wash-buckets\/","title":{"rendered":"Wash Buckets"},"content":{"rendered":"<div class=\"elementor-column elementor-col-50 elementor-top-column elementor-element elementor-element-430c052\" data-id=\"430c052\" data-element_type=\"column\">\n<div class=\"elementor-widget-wrap elementor-element-populated\">\n<div class=\"elementor-element elementor-element-9f3bedc elementor-widget elementor-widget-text-editor\" data-id=\"9f3bedc\" data-element_type=\"widget\" data-widget_type=\"text-editor.default\">\n<div class=\"elementor-widget-container\">\n<p><strong>Caract\u00e9ristiques:<\/strong><\/p>\n<p>\u00b7 26cm de diam\u00e8tre<\/p>\n<p>\u00b7 3.6cm de profondeur<\/p>\n<p>\u00b7 Conception monobloc<\/p>\n<p>\u00b7 Filtre la solution de lavage en \u00e9vitant les rayures et hologrammes<\/p>\n<p>\u00b7 La conception mince assure une utilisation maximale de la solution de lavage<\/p>\n<p>\u00b7 Plus de 300 trous uniform\u00e9ment espac\u00e9s<\/p>\n<p>\u00b7 La conception des trous coniques retient la salet\u00e9<u><\/u><\/p>\n<\/div>\n<\/div>\n<\/div>\n<\/div>\n","protected":false},"excerpt":{"rendered":"<p>Quand il s\u2019agit du <strong>Wash Bucket<\/strong>, le plus gros le mieux c\u2019est ! Ces seaux peuvent contenir 20 litres de solution de lavage, ce qui r\u00e9duit le risque que les particules de salet\u00e9 et de sable soient remises en circulation sur la peinture.<\/p>\n<p>Nos seaux sont moul\u00e9s par injection, ce qui leur conf\u00e8re une finition brillante et durable.<\/p>\n<p>Chaque seau est livr\u00e9 avec un couvercle Gamma Seal tr\u00e8s r\u00e9sistant, \u00e9tanche \u00e0 l\u2019eau et servant de si\u00e8ge pendant les longs travaux.<\/p>\n<p><strong>Vortex Grit Guard<\/strong> comporte plus de 300 trous coniques qui filtrent la solution de lavage et retiennent la salet\u00e9 et les gravillons au fond du seau, les emp\u00eachant de retourner dans la solution de lavage et d\u2019endommager la peinture.<\/p>\n<p>La peinture est souvent endommag\u00e9e au cours du processus de lavage. Notre syst\u00e8me r\u00e9volutionnaire Vortex Grit Guard aide \u00e0 pr\u00e9venir les tourbillons et les rayures fr\u00e9quemment caus\u00e9s par ce processus.<\/p>\n<ul>\n<li><strong>Seau \u2013 26.00 CHF<\/strong><\/li>\n<li><strong>Protection anti-gravillons \u2013 14.00 CHF<\/strong><\/li>\n<li><strong>Combo \u2013 35.00 CHF<\/strong><\/li>\n<\/ul>\n","protected":false},"featured_media":774,"comment_status":"open","ping_status":"closed","template":"","meta":{"site-sidebar-layout":"default","site-content-layout":"default","ast-global-header-display":"","ast-banner-title-visibility":"","ast-main-header-display":"","ast-hfb-above-header-display":"","ast-hfb-below-header-display":"","ast-hfb-mobile-header-display":"","site-post-title":"","ast-breadcrumbs-content":"","ast-featured-img":"","footer-sml-layout":"","theme-transparent-header-meta":"default","adv-header-id-meta":"","stick-header-meta":"","header-above-stick-meta":"","header-main-stick-meta":"","header-below-stick-meta":""},"product_cat":[86,85],"product_tag":[87],"class_list":["post-32117","product","type-product","status-publish","has-post-thumbnail","hentry","product_cat-accessories-fr","product_cat-carbon-collective-fr","product_tag-carbon-collective-fr","desktop-align-left","tablet-align-center","mobile-align-left","ast-product-gallery-layout-horizontal-slider","ast-product-tabs-layout-horizontal"],"_links":{"self":[{"href":"https:\/\/perfectionist.ch\/fr\/wp-json\/wp\/v2\/product\/32117","targetHints":{"allow":["GET"]}}],"collection":[{"href":"https:\/\/perfectionist.ch\/fr\/wp-json\/wp\/v2\/product"}],"about":[{"href":"https:\/\/perfectionist.ch\/fr\/wp-json\/wp\/v2\/types\/product"}],"replies":[{"embeddable":true,"href":"https:\/\/perfectionist.ch\/fr\/wp-json\/wp\/v2\/comments?post=32117"}],"wp:featuredmedia":[{"embeddable":true,"href":"https:\/\/perfectionist.ch\/fr\/wp-json\/wp\/v2\/media\/774"}],"wp:attachment":[{"href":"https:\/\/perfectionist.ch\/fr\/wp-json\/wp\/v2\/media?parent=32117"}],"wp:term":[{"taxonomy":"product_cat","embeddable":true,"href":"https:\/\/perfectionist.ch\/fr\/wp-json\/wp\/v2\/product_cat?post=32117"},{"taxonomy":"product_tag","embeddable":true,"href":"https:\/\/perfectionist.ch\/fr\/wp-json\/wp\/v2\/product_tag?post=32117"}],"curies":[{"name":"wp","href":"https:\/\/api.w.org\/{rel}","templated":true}]}}