{"id":32105,"date":"2023-06-02T13:32:58","date_gmt":"2023-06-02T11:32:58","guid":{"rendered":"https:\/\/perfectionist.ch\/product\/bucket-organiser\/"},"modified":"2023-06-02T13:32:58","modified_gmt":"2023-06-02T11:32:58","slug":"bucket-organiser","status":"publish","type":"product","link":"https:\/\/perfectionist.ch\/fr\/produit\/bucket-organiser\/","title":{"rendered":"Bucket Organiser"},"content":{"rendered":"","protected":false},"excerpt":{"rendered":"<section class=\"elementor-section elementor-top-section elementor-element elementor-element-9016107 elementor-section-boxed elementor-section-height-default elementor-section-height-default parallax_section_no qode_elementor_container_no\" data-id=\"9016107\" data-element_type=\"section\">\n<div class=\"elementor-container elementor-column-gap-default\">\n<div class=\"elementor-column elementor-col-50 elementor-top-column elementor-element elementor-element-121b0d3\" data-id=\"121b0d3\" data-element_type=\"column\">\n<div class=\"elementor-widget-wrap elementor-element-populated\">\n<div class=\"elementor-element elementor-element-f80cb06 elementor-widget elementor-widget-text-editor\" data-id=\"f80cb06\" data-element_type=\"widget\" data-widget_type=\"text-editor.default\">\n<div class=\"elementor-widget-container\">\n<p>Le Bucket Organiser a \u00e9t\u00e9 con\u00e7u pour les professionnels du detailing. Il vous permet de ranger votre arsenal \u00e0 port\u00e9e de main, am\u00e9liorant ainsi votre efficacit\u00e9 et votre productivit\u00e9.<\/p>\n<p>Conception universelle \u2013 l\u2019organisateur est con\u00e7u pour se fixer solidement sur le c\u00f4t\u00e9 de presque tous les seaux, avec ou sans couvercle gamma seal.<\/p>\n<p>La section principale peut contenir une multitude de bouteilles, de brosses, de lances \u00e0 mousse ou d\u2019outils, tandis que les cinq trous de drainage int\u00e9gr\u00e9s garantissent que vos outils de detailing restent secs et \u00e0 l\u2019abri de l\u2019eau sale.<\/p>\n<p>Deux onglets lat\u00e9raux permettent de maintenir un jeu complet de notre Ultra Soft Detailing Brushes, les suspendre librement pour un acc\u00e8s facile, tout en les aidant \u00e0 s\u00e9cher entre deux utilisations.<\/p>\n<p>La section principale peut stocker al\u00e9atoirement :<\/p>\n<ul>\n<li>Une lance Ultimate HD Snow Foam<\/li>\n<li>Une grande serviette de s\u00e9chage<\/li>\n<li>4 bouteilles de 500ml<\/li>\n<li>2 bouteilles de 1L et 1 bouteille de 500ml<\/li>\n<\/ul>\n<p><span lang=\"FR-CH\"><strong>20.00 CHF<\/strong><\/span><\/p>\n<\/div>\n<\/div>\n<\/div>\n<\/div>\n<\/div>\n<\/section>\n<section class=\"elementor-section elementor-top-section elementor-element elementor-element-c7349ad elementor-section-boxed elementor-section-height-default elementor-section-height-default parallax_section_no qode_elementor_container_no\" data-id=\"c7349ad\" data-element_type=\"section\">\n<div class=\"elementor-container elementor-column-gap-default\">\n<div class=\"elementor-column elementor-col-100 elementor-top-column elementor-element elementor-element-dd2786f\" data-id=\"dd2786f\" data-element_type=\"column\">\n<div class=\"elementor-widget-wrap elementor-element-populated\">\n<div class=\"elementor-element elementor-element-b9848c8 elementor-widget-divider--view-line elementor-widget elementor-widget-divider\" data-id=\"b9848c8\" data-element_type=\"widget\" data-widget_type=\"divider.default\">\n<div class=\"elementor-widget-container\">\n<div class=\"elementor-divider\"><\/div>\n<\/div>\n<\/div>\n<\/div>\n<\/div>\n<\/div>\n<\/section>\n","protected":false},"featured_media":2942,"comment_status":"open","ping_status":"closed","template":"","meta":{"site-sidebar-layout":"default","site-content-layout":"default","ast-global-header-display":"","ast-banner-title-visibility":"","ast-main-header-display":"","ast-hfb-above-header-display":"","ast-hfb-below-header-display":"","ast-hfb-mobile-header-display":"","site-post-title":"","ast-breadcrumbs-content":"","ast-featured-img":"","footer-sml-layout":"","theme-transparent-header-meta":"default","adv-header-id-meta":"","stick-header-meta":"","header-above-stick-meta":"","header-main-stick-meta":"","header-below-stick-meta":""},"product_cat":[86,85],"product_tag":[87],"class_list":["post-32105","product","type-product","status-publish","has-post-thumbnail","hentry","product_cat-accessories-fr","product_cat-carbon-collective-fr","product_tag-carbon-collective-fr","desktop-align-left","tablet-align-center","mobile-align-left","ast-product-gallery-layout-horizontal-slider","ast-product-gallery-with-no-image","ast-product-tabs-layout-horizontal"],"_links":{"self":[{"href":"https:\/\/perfectionist.ch\/fr\/wp-json\/wp\/v2\/product\/32105","targetHints":{"allow":["GET"]}}],"collection":[{"href":"https:\/\/perfectionist.ch\/fr\/wp-json\/wp\/v2\/product"}],"about":[{"href":"https:\/\/perfectionist.ch\/fr\/wp-json\/wp\/v2\/types\/product"}],"replies":[{"embeddable":true,"href":"https:\/\/perfectionist.ch\/fr\/wp-json\/wp\/v2\/comments?post=32105"}],"wp:featuredmedia":[{"embeddable":true,"href":"https:\/\/perfectionist.ch\/fr\/wp-json\/wp\/v2\/media\/2942"}],"wp:attachment":[{"href":"https:\/\/perfectionist.ch\/fr\/wp-json\/wp\/v2\/media?parent=32105"}],"wp:term":[{"taxonomy":"product_cat","embeddable":true,"href":"https:\/\/perfectionist.ch\/fr\/wp-json\/wp\/v2\/product_cat?post=32105"},{"taxonomy":"product_tag","embeddable":true,"href":"https:\/\/perfectionist.ch\/fr\/wp-json\/wp\/v2\/product_tag?post=32105"}],"curies":[{"name":"wp","href":"https:\/\/api.w.org\/{rel}","templated":true}]}}