{"id":32104,"date":"2023-06-02T13:34:08","date_gmt":"2023-06-02T11:34:08","guid":{"rendered":"https:\/\/perfectionist.ch\/product\/carbon-collective-xl-duffle-bag\/"},"modified":"2023-06-02T13:34:08","modified_gmt":"2023-06-02T11:34:08","slug":"carbon-collective-xl-duffle-bag","status":"publish","type":"product","link":"https:\/\/perfectionist.ch\/fr\/produit\/carbon-collective-xl-duffle-bag\/","title":{"rendered":"Carbon Collective XL Duffle Bag"},"content":{"rendered":"<section class=\"elementor-section elementor-top-section elementor-element elementor-element-e357e02 elementor-section-boxed elementor-section-height-default elementor-section-height-default parallax_section_no qode_elementor_container_no\" data-id=\"e357e02\" data-element_type=\"section\">\n<div class=\"elementor-container elementor-column-gap-default\">\n<div class=\"elementor-column elementor-col-100 elementor-top-column elementor-element elementor-element-6aba592\" data-id=\"6aba592\" data-element_type=\"column\">\n<div class=\"elementor-widget-wrap elementor-element-populated\">\n<div class=\"elementor-element elementor-element-e7b91f5 elementor-widget elementor-widget-text-editor\" data-id=\"e7b91f5\" data-element_type=\"widget\" data-widget_type=\"text-editor.default\">\n<div class=\"elementor-widget-container\"><\/div>\n<\/div>\n<\/div>\n<\/div>\n<\/div>\n<\/section>\n<section class=\"elementor-section elementor-top-section elementor-element elementor-element-f93a5e0 elementor-section-boxed elementor-section-height-default elementor-section-height-default parallax_section_no qode_elementor_container_no\" data-id=\"f93a5e0\" data-element_type=\"section\">\n<div class=\"elementor-container elementor-column-gap-default\">\n<div class=\"elementor-column elementor-col-50 elementor-top-column elementor-element elementor-element-7f46295\" data-id=\"7f46295\" data-element_type=\"column\">\n<div class=\"elementor-widget-wrap elementor-element-populated\">\n<div class=\"elementor-element elementor-element-1862ff0 elementor-widget elementor-widget-text-editor\" data-id=\"1862ff0\" data-element_type=\"widget\" data-widget_type=\"text-editor.default\">\n<div class=\"elementor-widget-container\">\n<div class=\"elementor-element elementor-element-1298801 elementor-widget elementor-widget-text-editor\" data-id=\"1298801\" data-element_type=\"widget\" data-widget_type=\"text-editor.default\">\n<div class=\"elementor-widget-container\">\n<p><strong>Caract\u00e9ristiques du sac:<\/strong><\/p>\n<div>\n<ul>\n<li>Capacit\u00e9 de 48 litres<\/li>\n<li>Bandouli\u00e8re incluse<\/li>\n<li>47 x 41 x 25cm<\/li>\n<li>6 emplacements pour bouteilles de 1 litre<\/li>\n<li>7x emplacements pour bouteilles de 500ml<\/li>\n<li>1 poche int\u00e9rieure en filet (sur le rabat)<\/li>\n<li>4x porte-brosses pour les d\u00e9tails (ext\u00e9rieur)<\/li>\n<li>4 grandes poches ext\u00e9rieures pour accessoires<\/li>\n<li>Double poche ext\u00e9rieure (\u00e0 l\u2019extr\u00e9mit\u00e9 du sac)<\/li>\n<li>Grande poche ext\u00e9rieure, id\u00e9ale pour les articles volumineux<\/li>\n<li>Deuxi\u00e8me sac \u00e0 fermeture \u00e9clair avec 3 sections individuelles, id\u00e9al pour les microfibres ou les tampons de polissage.<\/li>\n<li>Fond dur rembourr\u00e9 pour prot\u00e9ger votre pr\u00e9cieux \u00e9quipement des chutes et des surfaces in\u00e9gales.<\/li>\n<li>Pieds de positionnement en caoutchouc<\/li>\n<\/ul>\n<\/div>\n<\/div>\n<\/div>\n<\/div>\n<\/div>\n<\/div>\n<\/div>\n<\/div>\n<\/section>\n","protected":false},"excerpt":{"rendered":"<section class=\"elementor-section elementor-top-section elementor-element elementor-element-e357e02 elementor-section-boxed elementor-section-height-default elementor-section-height-default parallax_section_no qode_elementor_container_no\" data-id=\"e357e02\" data-element_type=\"section\">\n<div class=\"elementor-container elementor-column-gap-default\">\n<div class=\"elementor-column elementor-col-100 elementor-top-column elementor-element elementor-element-6aba592\" data-id=\"6aba592\" data-element_type=\"column\">\n<div class=\"elementor-widget-wrap elementor-element-populated\">\n<div class=\"elementor-element elementor-element-e7b91f5 elementor-widget elementor-widget-text-editor\" data-id=\"e7b91f5\" data-element_type=\"widget\" data-widget_type=\"text-editor.default\">\n<div class=\"elementor-widget-container\">\n<p>Le Carbon Collective XL Duffle Bag i est id\u00e9al pour les d\u00e9taillants qui doivent transporter ou stocker une grande quantit\u00e9 de produits d\u2019esth\u00e9tique.<\/p>\n<p>Il se compose de deux sacs s\u00e9par\u00e9s qui peuvent \u00eatre utilis\u00e9s ind\u00e9pendamment. Lorsqu\u2019ils sont r\u00e9unis par une fermeture \u00e9clair, les deux sacs ont une taille combin\u00e9e de 48 litres.<\/p>\n<p>Le sac inf\u00e9rieur est sp\u00e9cialement con\u00e7u pour s\u2019adapter parfaitement \u00e0 notre genouill\u00e8re Knee Saver Kneeling Pad, tout en servant de base de soutien et de protection pour vos produits.<\/p>\n<\/div>\n<\/div>\n<\/div>\n<\/div>\n<\/div>\n<\/section>\n<section class=\"elementor-section elementor-top-section elementor-element elementor-element-f93a5e0 elementor-section-boxed elementor-section-height-default elementor-section-height-default parallax_section_no qode_elementor_container_no\" data-id=\"f93a5e0\" data-element_type=\"section\">\n<div class=\"elementor-container elementor-column-gap-default\">\n<div class=\"elementor-column elementor-col-50 elementor-top-column elementor-element elementor-element-7f46295\" data-id=\"7f46295\" data-element_type=\"column\">\n<div class=\"elementor-widget-wrap elementor-element-populated\">\n<div class=\"elementor-element elementor-element-1862ff0 elementor-widget elementor-widget-text-editor\" data-id=\"1862ff0\" data-element_type=\"widget\" data-widget_type=\"text-editor.default\">\n<div class=\"elementor-widget-container\">\n<p>L\u2019\u00e9norme capacit\u00e9 de 48 litres est suffisante pour contenir les articles suivants:<\/p>\n<ul>\n<li>Machine \u00e0 polir<\/li>\n<li>7x Bouteilles de 500ml<\/li>\n<li>6x Bouteilles de 1 Litre<\/li>\n<li>9x P\u00e2tes de polissage<\/li>\n<li>Accessoires de polissage (y compris les plaques de base)<\/li>\n<li>Microfibres<\/li>\n<li>Serviette de s\u00e9chage<\/li>\n<li>Brosses d\u2019entretien (4 emplacements ext\u00e9rieurs)<\/li>\n<li>Genouill\u00e8re<\/li>\n<\/ul>\n<p><strong>95.00 CHF<\/strong><\/p>\n<\/div>\n<\/div>\n<\/div>\n<\/div>\n<\/div>\n<\/section>\n","protected":false},"featured_media":2920,"comment_status":"open","ping_status":"closed","template":"","meta":{"site-sidebar-layout":"default","site-content-layout":"default","ast-global-header-display":"","ast-banner-title-visibility":"","ast-main-header-display":"","ast-hfb-above-header-display":"","ast-hfb-below-header-display":"","ast-hfb-mobile-header-display":"","site-post-title":"","ast-breadcrumbs-content":"","ast-featured-img":"","footer-sml-layout":"","theme-transparent-header-meta":"default","adv-header-id-meta":"","stick-header-meta":"","header-above-stick-meta":"","header-main-stick-meta":"","header-below-stick-meta":""},"product_cat":[86,85],"product_tag":[87],"class_list":["post-32104","product","type-product","status-publish","has-post-thumbnail","hentry","product_cat-accessories-fr","product_cat-carbon-collective-fr","product_tag-carbon-collective-fr","desktop-align-left","tablet-align-center","mobile-align-left","ast-product-gallery-layout-horizontal-slider","ast-product-tabs-layout-horizontal"],"_links":{"self":[{"href":"https:\/\/perfectionist.ch\/fr\/wp-json\/wp\/v2\/product\/32104","targetHints":{"allow":["GET"]}}],"collection":[{"href":"https:\/\/perfectionist.ch\/fr\/wp-json\/wp\/v2\/product"}],"about":[{"href":"https:\/\/perfectionist.ch\/fr\/wp-json\/wp\/v2\/types\/product"}],"replies":[{"embeddable":true,"href":"https:\/\/perfectionist.ch\/fr\/wp-json\/wp\/v2\/comments?post=32104"}],"wp:featuredmedia":[{"embeddable":true,"href":"https:\/\/perfectionist.ch\/fr\/wp-json\/wp\/v2\/media\/2920"}],"wp:attachment":[{"href":"https:\/\/perfectionist.ch\/fr\/wp-json\/wp\/v2\/media?parent=32104"}],"wp:term":[{"taxonomy":"product_cat","embeddable":true,"href":"https:\/\/perfectionist.ch\/fr\/wp-json\/wp\/v2\/product_cat?post=32104"},{"taxonomy":"product_tag","embeddable":true,"href":"https:\/\/perfectionist.ch\/fr\/wp-json\/wp\/v2\/product_tag?post=32104"}],"curies":[{"name":"wp","href":"https:\/\/api.w.org\/{rel}","templated":true}]}}