{"id":32103,"date":"2023-06-02T13:35:25","date_gmt":"2023-06-02T11:35:25","guid":{"rendered":"https:\/\/perfectionist.ch\/product\/genouillere-knee-saver\/"},"modified":"2023-06-02T13:35:25","modified_gmt":"2023-06-02T11:35:25","slug":"knee-saver-kneeling-pad","status":"publish","type":"product","link":"https:\/\/perfectionist.ch\/fr\/produit\/knee-saver-kneeling-pad\/","title":{"rendered":"Genouill\u00e8re Knee Saver"},"content":{"rendered":"<p>Trois couches de mousse durable permettent d\u2019\u00e9viter que vos genoux ne soient soumis \u00e0 des surfaces dures, in\u00e9gales, froides ou sales, ce qui pourrait vous causer des probl\u00e8mes de genoux ou d\u2019articulations \u00e0 long terme.<\/p>\n<p>60 mm de mousse double densit\u00e9 super \u00e9paisse \u00e9pouse la forme de votre corps, soulageant la pression et augmentant le soutien. Les couches ext\u00e9rieures sont constitu\u00e9es d\u2019une mousse plus dense et r\u00e9sistante pour une durabilit\u00e9 sur toutes les surfaces. La couche centrale est souple, elle absorbe votre poids et cr\u00e9e une surface confortable pendant de longues p\u00e9riodes.<\/p>\n<p>Nous avons con\u00e7u ce coussin pour qu\u2019il s\u2019ins\u00e8re dans la base de nos <strong>XL Duffle Bag \u2013 48L.<\/strong><\/p>\n<p><img loading=\"lazy\" decoding=\"async\" class=\"size-medium wp-image-2923 alignnone\" src=\"https:\/\/perfectionist.ch\/wp-content\/uploads\/2022\/08\/XL-Duffle-Knee-Pad-300x228.png\" alt=\"\" width=\"300\" height=\"228\" srcset=\"https:\/\/perfectionist.ch\/wp-content\/uploads\/2022\/08\/XL-Duffle-Knee-Pad-300x228.png 300w, https:\/\/perfectionist.ch\/wp-content\/uploads\/2022\/08\/XL-Duffle-Knee-Pad-600x457.png 600w, https:\/\/perfectionist.ch\/wp-content\/uploads\/2022\/08\/XL-Duffle-Knee-Pad-768x585.png 768w, https:\/\/perfectionist.ch\/wp-content\/uploads\/2022\/08\/XL-Duffle-Knee-Pad.png 818w\" sizes=\"auto, (max-width: 300px) 100vw, 300px\" \/><\/p>\n<ul>\n<li>460mm x 240mm x 60mm<\/li>\n<li>Mousse triple couche<\/li>\n<li> Mousse \u00e0 double densit\u00e9<\/li>\n<li>R\u00e9sistance \u00e0 l\u2019usure<\/li>\n<li>Durable<\/li>\n<li>R\u00e9sistant \u00e0 l\u2019eau<\/li>\n<li>Facile \u00e0 nettoyer<\/li>\n<\/ul>\n<p><strong>Prot\u00e9gez vos genoux !<\/strong><\/p>\n","protected":false},"excerpt":{"rendered":"<p>Vous passez beaucoup de temps \u00e0 genoux? Notre genouill\u00e8re est con\u00e7ue de mani\u00e8re ergonomique pour un confort et une protection maximum lors de longs d\u00e9tails ou travaux sur votre v\u00e9hicule.<\/p>\n<div class=\"elementor-element elementor-element-1e9570a elementor-widget elementor-widget-text-editor\" data-id=\"1e9570a\" data-element_type=\"widget\" data-widget_type=\"text-editor.default\">\n<div class=\"elementor-widget-container\">\n<p><strong><span lang=\"FR-CH\"><u>Prix:<\/u><\/span><\/strong><\/p>\n<ul>\n<li><strong>Duffle XL \u2013 Genouill\u00e8re \u2013 95.00 CHF<\/strong><\/li>\n<li><strong>Genouill\u00e8re \u2013 25.00 CHF<\/strong><\/li>\n<\/ul>\n<\/div>\n<\/div>\n<p>&nbsp;<\/p>\n","protected":false},"featured_media":30831,"comment_status":"open","ping_status":"closed","template":"","meta":{"site-sidebar-layout":"default","site-content-layout":"default","ast-global-header-display":"","ast-banner-title-visibility":"","ast-main-header-display":"","ast-hfb-above-header-display":"","ast-hfb-below-header-display":"","ast-hfb-mobile-header-display":"","site-post-title":"","ast-breadcrumbs-content":"","ast-featured-img":"","footer-sml-layout":"","theme-transparent-header-meta":"default","adv-header-id-meta":"","stick-header-meta":"default","header-above-stick-meta":"","header-main-stick-meta":"","header-below-stick-meta":""},"product_cat":[86,85],"product_tag":[87],"class_list":["post-32103","product","type-product","status-publish","has-post-thumbnail","hentry","product_cat-accessories-fr","product_cat-carbon-collective-fr","product_tag-carbon-collective-fr","desktop-align-left","tablet-align-center","mobile-align-left","ast-product-gallery-layout-horizontal-slider","ast-product-tabs-layout-horizontal"],"_links":{"self":[{"href":"https:\/\/perfectionist.ch\/fr\/wp-json\/wp\/v2\/product\/32103","targetHints":{"allow":["GET"]}}],"collection":[{"href":"https:\/\/perfectionist.ch\/fr\/wp-json\/wp\/v2\/product"}],"about":[{"href":"https:\/\/perfectionist.ch\/fr\/wp-json\/wp\/v2\/types\/product"}],"replies":[{"embeddable":true,"href":"https:\/\/perfectionist.ch\/fr\/wp-json\/wp\/v2\/comments?post=32103"}],"wp:featuredmedia":[{"embeddable":true,"href":"https:\/\/perfectionist.ch\/fr\/wp-json\/wp\/v2\/media\/30831"}],"wp:attachment":[{"href":"https:\/\/perfectionist.ch\/fr\/wp-json\/wp\/v2\/media?parent=32103"}],"wp:term":[{"taxonomy":"product_cat","embeddable":true,"href":"https:\/\/perfectionist.ch\/fr\/wp-json\/wp\/v2\/product_cat?post=32103"},{"taxonomy":"product_tag","embeddable":true,"href":"https:\/\/perfectionist.ch\/fr\/wp-json\/wp\/v2\/product_tag?post=32103"}],"curies":[{"name":"wp","href":"https:\/\/api.w.org\/{rel}","templated":true}]}}