{"id":32102,"date":"2023-06-02T13:36:58","date_gmt":"2023-06-02T11:36:58","guid":{"rendered":"https:\/\/perfectionist.ch\/product\/pulverisateur-portable-a-batterie-hydri\/"},"modified":"2023-06-02T13:36:58","modified_gmt":"2023-06-02T11:36:58","slug":"hydro-portable-battery-sprayer","status":"publish","type":"product","link":"https:\/\/perfectionist.ch\/fr\/produit\/hydro-portable-battery-sprayer\/","title":{"rendered":"Pulv\u00e9risateur Portable \u00e0 Batterie Hydri+"},"content":{"rendered":"<p>Inclus:<\/p>\n<ul>\n<li>Pulv\u00e9risateur portable \u00e1 batterie 1.8L<\/li>\n<li>T\u00eate de moussage<\/li>\n<li>T\u00eate de pulv\u00e9risation<\/li>\n<li>C\u00e2ble de chargeur USB<\/li>\n<li>Tasse \u00e1 mesurer<\/li>\n<\/ul>\n<p><strong>Sp\u00e9cification:<\/strong><\/p>\n<ul>\n<li>Capacit\u00e9 de 1.8L<\/li>\n<li>Pression de travail de 2,5 bars (36PSI)<\/li>\n<li>Construction en HDPE<\/li>\n<li>Batterie lithium rechargeable int\u00e9gr\u00e9e<\/li>\n<li>Syst\u00e8me de d\u00e9compression rapide<\/li>\n<li>Spray-Lock pour une utilisation continue<\/li>\n<li>\u00c9chelle de remplissage pour des mesures pr\u00e9cises<\/li>\n<\/ul>\n<p><strong>Produits Appropri\u00e9s: <\/strong><\/p>\n<ul>\n<li>Citrus Cleanser<\/li>\n<li>React Fallout Remover<\/li>\n<li>Satsuma Snow Foam (mousse ou pr\u00e9lavage)<\/li>\n<li>Ultimus Snow Foam<\/li>\n<li>Hybrid Coating (Rincer le pulv\u00e9risateur apr\u00e8s usage)<\/li>\n<\/ul>\n<p><strong>Avertissement : Ne pas pulv\u00e9riser de liquides inflammables, acides ou caustiques. Ce produit n\u2019est pas con\u00e7u pour pulv\u00e9riser des produits chimiques puissants tels que les nettoyants pour roues, le TFR ou les d\u00e9capants de goudron.<\/strong><\/p>\n<p><strong> <\/strong>Veuillez consulter l\u2019\u00e9tiquette du produit chimique avant de remplir le pulv\u00e9risateur.<\/p>\n<p>La garantie ne couvre pas la mauvaise utilisation du produit, les erreurs de l\u2019utilisateur ou les dommages caus\u00e9s par des produits incorrects utilis\u00e9s dans le pulv\u00e9risateur.<\/p>\n","protected":false},"excerpt":{"rendered":"<p>Le Pulv\u00e9risateur Portable \u00e0 Batterie Hydri+ est le pulv\u00e9risateur professionnel polyvalent qui manque \u00e0 votre arsenal.<\/p>\n<p>Le Pulv\u00e9risateur \u201cNo-Pump\u201d est dot\u00e9 d\u2019une puissante batterie au lithium rechargeable, qui pressurise le pulv\u00e9risateur et met fin au pompage constant, tandis que les deux t\u00eates de pulv\u00e9risation peuvent s\u2019adapter \u00e0 la t\u00e2che \u00e0 accomplir.<\/p>\n<p>La t\u00eate de moussage permet d\u2019appliquer efficacement des produits \u00e0 des taux de dilution tr\u00e8s faibles, tandis que la t\u00eate de pulv\u00e9risation permet d\u2019appliquer une large gamme de nettoyants selon le mod\u00e8le de pulv\u00e9risation de votre choix.<\/p>\n<p>L\u2019Hydro+ convient aux professionnels de tous les secteurs gr\u00e2ce \u00e0 ses performances, \u00e0 sa facilit\u00e9 d\u2019utilisation et \u00e0 l\u2019autonomie de sa batterie.<\/p>\n<p>Rendez votre travail plus rapide et plus efficace. Le pulv\u00e9risateur sans pompe convient pour le pr\u00e9lavage, la d\u00e9contamination, la mousse \u00e0 neige et le nettoyage des roues \u00e0 pH neutre, que vous soyez en d\u00e9placement, au travail ou \u00e0 la maison.<\/p>\n<p>PPF \u2013 Ce produit acc\u00e9l\u00e8re l\u2019application des films de protection transparents, la fonction de pr\u00e9-amor\u00e7age \u00e9vite le besoin de pompage constant.<\/p>\n<p>Nettoyage et d\u00e9sinfection \u2013 Aide au nettoyage industriel en utilisant des nettoyants ininflammables, des nettoyants antibact\u00e9riens ou des d\u00e9sinfectants.<\/p>\n<p>Maison et jardin \u2013 Aide au nettoyage de la maison pour les appareils \u00e9lectrom\u00e9nagers, les cuisines, les salles de bains et le nettoyage des fen\u00eatres ext\u00e9rieures.<\/p>\n<p><strong>95.00 CHF<\/strong><\/p>\n","protected":false},"featured_media":2925,"comment_status":"open","ping_status":"closed","template":"","meta":{"site-sidebar-layout":"default","site-content-layout":"default","ast-global-header-display":"","ast-banner-title-visibility":"","ast-main-header-display":"","ast-hfb-above-header-display":"","ast-hfb-below-header-display":"","ast-hfb-mobile-header-display":"","site-post-title":"","ast-breadcrumbs-content":"","ast-featured-img":"","footer-sml-layout":"","theme-transparent-header-meta":"default","adv-header-id-meta":"","stick-header-meta":"","header-above-stick-meta":"","header-main-stick-meta":"","header-below-stick-meta":""},"product_cat":[86,85],"product_tag":[87],"class_list":["post-32102","product","type-product","status-publish","has-post-thumbnail","hentry","product_cat-accessories-fr","product_cat-carbon-collective-fr","product_tag-carbon-collective-fr","desktop-align-left","tablet-align-center","mobile-align-left","ast-product-gallery-layout-horizontal-slider","ast-product-gallery-with-no-image","ast-product-tabs-layout-horizontal"],"_links":{"self":[{"href":"https:\/\/perfectionist.ch\/fr\/wp-json\/wp\/v2\/product\/32102","targetHints":{"allow":["GET"]}}],"collection":[{"href":"https:\/\/perfectionist.ch\/fr\/wp-json\/wp\/v2\/product"}],"about":[{"href":"https:\/\/perfectionist.ch\/fr\/wp-json\/wp\/v2\/types\/product"}],"replies":[{"embeddable":true,"href":"https:\/\/perfectionist.ch\/fr\/wp-json\/wp\/v2\/comments?post=32102"}],"wp:featuredmedia":[{"embeddable":true,"href":"https:\/\/perfectionist.ch\/fr\/wp-json\/wp\/v2\/media\/2925"}],"wp:attachment":[{"href":"https:\/\/perfectionist.ch\/fr\/wp-json\/wp\/v2\/media?parent=32102"}],"wp:term":[{"taxonomy":"product_cat","embeddable":true,"href":"https:\/\/perfectionist.ch\/fr\/wp-json\/wp\/v2\/product_cat?post=32102"},{"taxonomy":"product_tag","embeddable":true,"href":"https:\/\/perfectionist.ch\/fr\/wp-json\/wp\/v2\/product_tag?post=32102"}],"curies":[{"name":"wp","href":"https:\/\/api.w.org\/{rel}","templated":true}]}}