{"id":32101,"date":"2023-06-02T13:38:20","date_gmt":"2023-06-02T11:38:20","guid":{"rendered":"https:\/\/perfectionist.ch\/product\/air-force-1-dryer\/"},"modified":"2023-06-02T13:38:20","modified_gmt":"2023-06-02T11:38:20","slug":"air-force-1-dryer","status":"publish","type":"product","link":"https:\/\/perfectionist.ch\/fr\/produit\/air-force-1-dryer\/","title":{"rendered":"Air Force 1 Dryer"},"content":{"rendered":"<ul>\n<li>S\u00e9chage sans contact puissant et efficace.<\/li>\n<li>30% d\u2019\u00e9conomie d\u2019\u00e9nergie par rapport aux s\u00e9choirs traditionnels.<\/li>\n<li>2 buses interchangeables recouvertes de silicone pour ajuster la r\u00e9partition de l\u2019air.<\/li>\n<li>R\u00e9gulateur \u00e0 vitesse variable pour ajuster facilement la vitesse et le volume de l\u2019air.<\/li>\n<li>Poign\u00e9e en n\u00e9opr\u00e8ne pour \u00e9viter le transfert de chaleur.<\/li>\n<li>Plage de chauffage de 56 degr\u00e9s Celsius.<\/li>\n<li>Bo\u00eetier en ABS isol\u00e9 et r\u00e9sistant aux chocs.<\/li>\n<li>Filtre \u00e0 air (lavable et amovible).<\/li>\n<li>Air filtr\u00e9 pour garantir le s\u00e9chage le plus s\u00fbr possible.<\/li>\n<li>S\u00e9chage sans contact pour \u00e9viter les traces et les rayures.<\/li>\n<\/ul>\n<div class=\"elementor-column elementor-col-50 elementor-top-column elementor-element elementor-element-3445966\" data-id=\"3445966\" data-element_type=\"column\">\n<div class=\"elementor-widget-wrap elementor-element-populated\">\n<div class=\"elementor-element elementor-element-d6b77f0 elementor-widget elementor-widget-text-editor\" data-id=\"d6b77f0\" data-element_type=\"widget\" data-widget_type=\"text-editor.default\">\n<div class=\"elementor-widget-container\">\n<p><strong>Sp\u00e9cifications techniques:<\/strong>:<\/p>\n<ul>\n<li>Moteur unique de 2800W<\/li>\n<li>\u00c9l\u00e9ment chauffant de 600W<\/li>\n<li>Force de soufflage de 900G<\/li>\n<li>7 CBM D\u00e9bit d\u2019air maximum<\/li>\n<li>Vitesse maximale de 66,000 FPM<\/li>\n<li>Roues incluses en standard<\/li>\n<li>2 buses interchangeables (buse large et buse ronde)<\/li>\n<li>Tuyau de 5 m\u00e8tres<\/li>\n<li>C\u00e2ble d\u2019alimentation de 5 m\u00e8tres<\/li>\n<li>Sortie de bruit de 74dB<\/li>\n<li>Poids de l\u2019appareil : 4 kg<\/li>\n<\/ul>\n<p>Les pi\u00e8ces d\u00e9tach\u00e9es et de rechange sont disponibles sur <a href=\"https:\/\/carboncollective.com\" target=\"_blank\" rel=\"noopener\"><u>carboncollective.com<\/u> <u><\/u><\/a><\/p>\n<p><strong> <\/strong><\/p>\n<\/div>\n<\/div>\n<\/div>\n<\/div>\n","protected":false},"excerpt":{"rendered":"<p>Le s\u00e9choir <strong>Air Force 1<\/strong> offre un s\u00e9chage puissant, efficace et sans contact, que vous soyez \u00e0 la maison ou en d\u00e9placement. Le s\u00e9chage sans contact assure la pr\u00e9vention des marques et des rayures, contrairement aux m\u00e9thodes de s\u00e9chage traditionnelles. Parfait pour les peintures d\u00e9licates, les voitures classiques, les motos et les zones difficiles \u00e0 atteindre.<\/p>\n<p>Portable, compact et facile \u00e0 transporter, notre s\u00e9choir Air Force 1 Dryer utilise un moteur unique, qui surpasse la plupart des machines \u00e0 double moteur sur le march\u00e9 actuel. Cela est d\u00fb \u00e0 la technologie du moteur cyclone, qui produit un flux d\u2019air plus important avec une friction plus faible. La technologie cyclone permet \u00e9galement de r\u00e9aliser une \u00e9conomie d\u2019\u00e9nergie de 30 % par rapport aux s\u00e9choirs traditionnels.<\/p>\n<p>Une puissance maximale de 2800 W combin\u00e9e \u00e0 un \u00e9l\u00e9ment chauffant de 600 W permet de d\u00e9placer ou d\u2019\u00e9vaporer l\u2019eau, d\u2019\u00e9liminer les traces d\u2019eau et d\u2019obtenir une finition sans traces. L\u2019air est filtr\u00e9 par un filtre \u00e0 air lavable et amovible pour garantir le s\u00e9chage le plus s\u00fbr possible, que ce soit sur la peinture, le verre, le chrome ou les zones difficiles \u00e0 atteindre comme les bouches d\u2019a\u00e9ration ou l\u2019int\u00e9rieur.<\/p>\n<p>Le s\u00e9choir est con\u00e7u pour s\u00e9cher une voiture enti\u00e8re sans avoir besoin d\u2019une rallonge, le tuyau de 5 m\u00e8tres et les c\u00e2bles d\u2019alimentation de 5 m\u00e8tres sont suffisamment longs pour que vous ne soyez pas limit\u00e9 pendant le s\u00e9chage.<\/p>\n<p>Le r\u00e9gulateur de vitesse variable ajuste la vitesse et le volume de l\u2019air, tandis que le commutateur de temp\u00e9rature \u00e0 deux voies permet d\u2019utiliser de l\u2019air chaud pour le s\u00e9chage et de l\u2019air froid pour le d\u00e9poussi\u00e9rage des int\u00e9rieurs et des zones difficiles d\u2019acc\u00e8s.<\/p>\n<p><strong>250.00 CHF<\/strong><\/p>\n","protected":false},"featured_media":2926,"comment_status":"open","ping_status":"closed","template":"","meta":{"site-sidebar-layout":"default","site-content-layout":"default","ast-global-header-display":"","ast-banner-title-visibility":"","ast-main-header-display":"","ast-hfb-above-header-display":"","ast-hfb-below-header-display":"","ast-hfb-mobile-header-display":"","site-post-title":"","ast-breadcrumbs-content":"","ast-featured-img":"","footer-sml-layout":"","theme-transparent-header-meta":"default","adv-header-id-meta":"","stick-header-meta":"","header-above-stick-meta":"","header-main-stick-meta":"","header-below-stick-meta":""},"product_cat":[86,85],"product_tag":[87],"class_list":["post-32101","product","type-product","status-publish","has-post-thumbnail","hentry","product_cat-accessories-fr","product_cat-carbon-collective-fr","product_tag-carbon-collective-fr","desktop-align-left","tablet-align-center","mobile-align-left","ast-product-gallery-layout-horizontal-slider","ast-product-gallery-with-no-image","ast-product-tabs-layout-horizontal"],"_links":{"self":[{"href":"https:\/\/perfectionist.ch\/fr\/wp-json\/wp\/v2\/product\/32101","targetHints":{"allow":["GET"]}}],"collection":[{"href":"https:\/\/perfectionist.ch\/fr\/wp-json\/wp\/v2\/product"}],"about":[{"href":"https:\/\/perfectionist.ch\/fr\/wp-json\/wp\/v2\/types\/product"}],"replies":[{"embeddable":true,"href":"https:\/\/perfectionist.ch\/fr\/wp-json\/wp\/v2\/comments?post=32101"}],"wp:featuredmedia":[{"embeddable":true,"href":"https:\/\/perfectionist.ch\/fr\/wp-json\/wp\/v2\/media\/2926"}],"wp:attachment":[{"href":"https:\/\/perfectionist.ch\/fr\/wp-json\/wp\/v2\/media?parent=32101"}],"wp:term":[{"taxonomy":"product_cat","embeddable":true,"href":"https:\/\/perfectionist.ch\/fr\/wp-json\/wp\/v2\/product_cat?post=32101"},{"taxonomy":"product_tag","embeddable":true,"href":"https:\/\/perfectionist.ch\/fr\/wp-json\/wp\/v2\/product_tag?post=32101"}],"curies":[{"name":"wp","href":"https:\/\/api.w.org\/{rel}","templated":true}]}}